




{"id":20455,"date":"2025-06-04T14:44:58","date_gmt":"2025-06-04T13:44:58","guid":{"rendered":"https:\/\/tours.com.pt\/reserve-aqui\/"},"modified":"2025-06-05T11:54:24","modified_gmt":"2025-06-05T10:54:24","slug":"reserve-ahora","status":"publish","type":"page","link":"https:\/\/tours.com.pt\/es\/reserve-ahora\/","title":{"rendered":"Reserve Ahora!"},"content":{"rendered":"<style>html[dir=\"rtl\"] .wpml-language-switcher-block .wpml-ls-dropdown ul li.wp-block-navigation-submenu .wp-block-navigation-submenu__toggle img{margin-left:12px}html[dir=\"rtl\"] .wpml-language-switcher-block .wpml-ls-dropdown ul li.wp-block-navigation-submenu ul.isHorizontal li{text-align:right}html[dir=\"rtl\"] .wpml-language-switcher-block .wpml-ls-dropdown ul li.wp-block-navigation-submenu ul.isHorizontal li a img{margin-left:12px}.wpml-language-switcher-block{display:flex;box-sizing:border-box;width:100% !important}.wpml-language-switcher-block>.wp-block-navigation-item,.wpml-language-switcher-block>.wp-block-navigation-item>div{display:flex;width:100% !important}.wpml-language-switcher-block .wp-block-navigation__container{background:unset !important}.wpml-language-switcher-block .hide-arrow .wp-block-navigation__submenu-icon{display:none}.wpml-language-switcher-block .wpml-ls-dropdown ul li button{padding:0}.wpml-language-switcher-block .wpml-ls-dropdown ul li button+.isHorizontal{min-width:inherit !important}.wpml-language-switcher-block .wpml-ls-dropdown ul li button+.isHorizontal li{width:inherit !important}.wpml-language-switcher-block .wpml-ls-dropdown ul li button+.isHorizontal li a{display:flex;align-items:center;min-width:max-content}.wpml-language-switcher-block .wpml-ls-dropdown ul li.wp-block-navigation-submenu ul.isHorizontal{margin:0;min-width:inherit !important}.wpml-language-switcher-block .wpml-ls-dropdown ul li.wp-block-navigation-submenu ul.isHorizontal li{width:inherit !important;text-align:left}.wpml-language-switcher-block .wpml-ls-dropdown ul li.wp-block-navigation-submenu ul.isHorizontal li a{display:flex;align-items:center;min-width:max-content}.wpml-language-switcher-block ul{list-style-type:none !important;padding:0 !important;width:100%}.wpml-language-switcher-block ul li{margin:0 !important}.wpml-language-switcher-block ul.wp-block-navigation__submenu-container{border:inherit !important;background-color:unset !important;min-width:unset !important}.wpml-language-switcher-block ul.wp-block-navigation__submenu-container .wp-block-navigation-item{border-radius:0 !important}.wpml-language-switcher-block ul.wp-block-navigation__submenu-container .wp-block-navigation-item a{display:flex;align-items:center;min-width:max-content;padding:1px}.wpml-language-switcher-block ul.horizontal-list{display:flex;flex-direction:row;align-items:center;justify-content:flex-start;margin:0 !important;gap:1em !important}.wpml-language-switcher-block ul.horizontal-list li{display:inline-block;margin:0;line-height:100%}.wpml-language-switcher-block ul.horizontal-list li a{line-height:100%}.wpml-language-switcher-block ul.center-justify{justify-content:center}.wpml-language-switcher-block ul.center-justify .wp-block-navigation-item{justify-content:center}.wpml-language-switcher-block ul.right-justify{justify-content:right}.wpml-language-switcher-block ul.right-justify .wp-block-navigation-item{justify-content:right}.wpml-language-switcher-block ul.space_between-justify{justify-content:space-between}.wpml-language-switcher-block ul.space_between-justify li>div{white-space:nowrap}.wpml-language-switcher-block .hasHoverColor:hover{color:var(--hover-color) !important}.wpml-language-switcher-block .hasHoverBackgroundColor:hover{background-color:var(--hover-background-color) !important}.wpml-language-switcher-block ul.isHorizontal{padding-left:0;list-style:none}.wpml-language-switcher-block ul.isHorizontal li{display:inline;margin-left:0}.wpml-language-switcher-block ul.isHorizontal li div{display:inline-block}.wpml-language-switcher-block ul.hasSpacing.isHorizontal li:not(:last-child){margin-right:var(--language-spacing) !important}.wpml-language-switcher-block ul.hasSpacing.isVertical li:not(:last-child){margin-bottom:var(--language-spacing) !important}.wpml-language-switcher-block ul.hasSpacing.isVertical .wp-block-navigation-item>div,.wpml-language-switcher-block ul.hasSpacing.isVertical .wp-block-navigation-item>div>a{display:inline-flex;align-items:center}.wpml-language-switcher-block .hasHoverColor:hover{color:var(--hover-color) !important}.wpml-language-switcher-block .hasHoverBackgroundColor:hover{background-color:var(--hover-background-color) !important}.wpml-language-switcher-block .hasFontSize{font-size:var(--font-size) !important}.wpml-language-switcher-block .hasLetterSpacing{letter-spacing:var(--letter-spacing) !important}.wpml-language-switcher-block .hasTextTransform{text-transform:var(--text-transform) !important}.wpml-language-switcher-block .hasFontFamily{font-family:var(--font-family) !important}.wpml-ls-flag{display:inline-block}.wpml-ls-flag-style-btn{border:0px transparent;padding-top:3px !important}.wpml-ls-flag-style-btn.black-bg{background-color:black}.wpml-ls-flag-style-btn.transparent-bg{background-color:transparent}.wpml-ls-control-row{border:solid 1px #949494;border-radius:2px;margin-bottom:8px}.wpml-ls-control-row-with-padding{padding:1px}.wpml-ls-number-control{max-width:100%;width:100%}.wpml-ls-slider-control-alert{margin-top:5px !important}.wpml-ls-slider .ant-slider-track{background-color:#3858E9}.wpml-ls-slider .ant-slider-handle{border:solid 1px black}.wpml-ls-control-blue{color:#3858E9 !important}.wpml-ls-number-with-unit-select select{color:#3858E9 !important;font-weight:900 !important}.wpml-ls-control-grey{color:#757575}.wpml-ls-control-bg-grey{background-color:#a6a6a6}.wpml-ls-control-font{font-family:\"SF Pro Text\", sans-serif;font-style:normal;font-weight:400 !important;font-size:13px !important;line-height:140% !important}.wpml-ls-option-btn-col{padding:0.5px}.wpml-ls-no-borders{border:none}.ant-col-8.wpml-ls-option-btn-col{display:inline-flex}.wpml-ls-three-btn-row .wpml-ls-option-btn-wrap{white-space:normal;word-break:break-word}.wpml-ls-three-btn-row .ant-btn-no-height-less-padding{height:unset;padding-right:10px;padding-left:10px}.wpml-ls-full-width{width:100%}.wpml-ls-toggle-control .components-form-toggle.is-checked>.components-form-toggle__track{background-color:#3858E9;border-color:#3858E9}.wpml-ls-toggle-control .components-form-toggle.is-checked>.components-form-toggle__thumb{background-color:white}.wpml-ls-toggle-control .components-form-toggle>.components-form-toggle__track{background-color:white;border-color:black}.wpml-ls-toggle-control .components-form-toggle>.components-form-toggle__thumb{background-color:black}.ant-select-dropdown{min-width:45px !important;max-width:45px !important;width:45px !important}.wpml-ls-color-control{border:1px solid #DDDDDD;border-bottom:0px;padding:10px;box-sizing:border-box}.wpml-ls-color-control.wpml-ls-with-bottom-border{border-bottom:1px solid #DDDDDD}.wpml-ls-color-control .wpml-ls-icon-no-color:hover{cursor:pointer}.wpml-ls-color-control .component-color-indicator{width:25px;height:25px;box-shadow:0px 0px 2px 1px lightgrey}.wpml-ls-color-control .component-color-indicator:hover{cursor:pointer}.wpml-ls-color-control .wpml-ls-color-title{top:3px}.wpml-ls-dimension-control{border-top:solid 1px #e0e0e0}.wpml-ls-dimension-control .components-panel__arrow{visibility:hidden}.wpml-ls-panel-settings-dropdown-container{position:absolute;right:0px}.wpml-ls-icon-link{width:24px;height:24px;top:3px;border-radius:2px}.ant-input-number-handler-wrap{display:none !important}.ant-input-number-input{padding-right:0px !important;padding-left:3px !important}.block-editor-contrast-checker+.block-editor-contrast-checker{display:none}.current-language-item{display:flex;align-items:center;min-height:30px}.current-language-item .wp-block-navigation-item__content>div{display:flex;align-items:center}.wpml-ls-fontLetterCase-control button.components-button.has-icon{margin-right:0 !important;min-width:30px !important;height:30px !important}.wpml-ls-fontLetterSpacing-control div.components-input-control__container{top:4px}[data-wpml='language-item']:first-of-type{margin-top:5px !important}.wpml-ls-dimension-panel .components-panel__arrow{display:none}.wpml-ls-typography-panel .components-panel__arrow{display:none}.wpml-ls-panel-settings-dropdown-container>div>button>span.anticon-more{font-size:large;margin-right:10px}.wpml-ls-panel-settings-dropdown-container>div>button>span.anticon-plus{font-size:medium;margin-right:10px}\n\n<\/style><div id=\"\" class=\"wpml-language-switcher-block is-layout-flex is-responsive has-child-selected wp-block-navigation\"><div class=\"block-editor-block-list__block wp-block wp-block-navigation-item has-link has-child wp-block-navigation-submenu\"><div class=\"wpml-ls-dropdown open-on-hover-click \"><ul class=\"wp-block-navigation__container\"><li class=\"wp-block-navigation-item has-child wp-block-navigation-submenu open-on-hover-click\"><div class=\"wp-block-navigation-item__content wp-block-navigation-submenu__toggle\" aria-expanded=\"false\"><span class=\"current-language-item\" style=\"display:flex;cursor:pointer\" data-wpml=\"current-language-item\"><div style=\"display:inline-block\" class=\"wp-block-navigation-item__content\"><div><img decoding=\"async\" alt=\"wpml-ls-flag\" class=\"wpml-ls-flag\" src=\"data:image\/gif;base64,R0lGODlhAQABAAAAACH5BAEKAAEALAAAAAABAAEAAAICTAEAOw==\" data-layzr=\"https:\/\/tours.com.pt\/wp-content\/plugins\/sitepress-multilingual-cms\/res\/flags\/es.svg\" style=\"margin-right:4px;width:18px;height:12px;border-radius:0%;object-fit:unset\" size=\"24\" data-wpml=\"flag-url\"><span data-wpml=\"label\" data-wpml-label-type=\"native\" class=\"wp-block-navigation-item__label \">Espa&ntilde;ol<\/span><\/div><\/div><span class=\"wp-block-navigation__submenu-icon\"><svg xmlns=\"http:\/\/www.w3.org\/2000\/svg\" width=\"12\" height=\"12\" viewbox=\"0 0 12 12\" fill=\"none\" aria-hidden=\"true\" focusable=\"false\"><path d=\"M1.50002 4L6.00002 8L10.5 4\" stroke-width=\"1.5\"><\/path><\/svg><\/span><\/span><\/div><ul class=\"wp-block-navigation__submenu-container isHorizontal\" style=\"flex-wrap:nowrap\" data-is-drop-zone=\"true\"><li class=\"wp-block-navigation-item \" data-wpml=\"language-item\"><div><a class=\"wp-block-navigation-item__content\" data-wpml=\"link\" href=\"https:\/\/tours.com.pt\/\"><img decoding=\"async\" alt=\"wpml-ls-flag\" class=\"wpml-ls-flag\" src=\"data:image\/gif;base64,R0lGODlhAQABAAAAACH5BAEKAAEALAAAAAABAAEAAAICTAEAOw==\" data-layzr=\"https:\/\/tours.com.pt\/wp-content\/plugins\/sitepress-multilingual-cms\/res\/flags\/pt-pt.svg\" style=\"margin-right:4px;width:18px;height:12px;border-radius:0%;object-fit:unset\" size=\"24\" data-wpml=\"flag-url\"><span data-wpml=\"label\" data-wpml-label-type=\"native\" class=\"wp-block-navigation-item__label \">Portugu&ecirc;s<\/span><\/a><\/div><\/li><li class=\"wp-block-navigation-item \" data-wpml=\"language-item\"><div><a class=\"wp-block-navigation-item__content\" data-wpml=\"link\" href=\"https:\/\/tours.com.pt\/en\/\"><img decoding=\"async\" alt=\"wpml-ls-flag\" class=\"wpml-ls-flag\" src=\"data:image\/gif;base64,R0lGODlhAQABAAAAACH5BAEKAAEALAAAAAABAAEAAAICTAEAOw==\" data-layzr=\"https:\/\/tours.com.pt\/wp-content\/plugins\/sitepress-multilingual-cms\/res\/flags\/en.svg\" style=\"margin-right:4px;width:18px;height:12px;border-radius:0%;object-fit:unset\" size=\"24\" data-wpml=\"flag-url\"><span data-wpml=\"label\" data-wpml-label-type=\"native\" class=\"wp-block-navigation-item__label \">English<\/span><\/a><\/div><\/li><\/ul><\/li><\/ul><\/div><\/div><\/div>\n\n\n\n\n\n\n\n\n\n\n\n<hr class=\"wp-block-separator has-alpha-channel-opacity\"\/>\n\n\n\n<div class=\"wp-block-contact-form-7-contact-form-selector\">\n<div class=\"wpcf7 no-js\" id=\"wpcf7-f20458-o1\" lang=\"es-ES\" dir=\"ltr\" data-wpcf7-id=\"20458\">\n<div class=\"screen-reader-response\"><p role=\"status\" aria-live=\"polite\" aria-atomic=\"true\"><\/p> <ul><\/ul><\/div>\n<form action=\"\/es\/wp-json\/wp\/v2\/pages\/20455#wpcf7-f20458-o1\" method=\"post\" class=\"wpcf7-form init\" aria-label=\"Formulario de contacto\" novalidate=\"novalidate\" data-status=\"init\">\n<fieldset class=\"hidden-fields-container\"><input type=\"hidden\" name=\"_wpcf7\" value=\"20458\" \/><input type=\"hidden\" name=\"_wpcf7_version\" value=\"6.1.5\" \/><input type=\"hidden\" name=\"_wpcf7_locale\" value=\"es_ES\" \/><input type=\"hidden\" name=\"_wpcf7_unit_tag\" value=\"wpcf7-f20458-o1\" \/><input type=\"hidden\" name=\"_wpcf7_container_post\" value=\"0\" \/><input type=\"hidden\" name=\"_wpcf7_posted_data_hash\" value=\"\" \/><input type=\"hidden\" name=\"_wpcf7_recaptcha_response\" value=\"\" \/>\n<\/fieldset>\n<h3>Rellene este formulario para reservar\n<\/h3>\n<p><strong>Informaci\u00f3n Personal<\/strong>\n<\/p>\n<p><label>Nombre<br \/>\n<span class=\"wpcf7-form-control-wrap\" data-name=\"nombre\"><input size=\"40\" maxlength=\"400\" class=\"wpcf7-form-control wpcf7-text wpcf7-validates-as-required\" aria-required=\"true\" aria-invalid=\"false\" value=\"\" type=\"text\" name=\"nombre\" \/><\/span> <\/label>\n<\/p>\n<p><label>Email<br \/>\n<span class=\"wpcf7-form-control-wrap\" data-name=\"email\"><input size=\"40\" maxlength=\"400\" class=\"wpcf7-form-control wpcf7-email wpcf7-validates-as-required wpcf7-text wpcf7-validates-as-email\" aria-required=\"true\" aria-invalid=\"false\" value=\"\" type=\"email\" name=\"email\" \/><\/span> <\/label>\n<\/p>\n<p><label>Pa\u00eds: <span class=\"wpcf7-form-control-wrap\" data-name=\"Pais\"><input size=\"40\" class=\"wpcf7-form-control wpcf7-countrytext wpcf7-validates-as-required wpcf7-text wpcf7-validates-as-countrytext\" aria-required=\"true\" aria-invalid=\"false\" placeholder=\"--------------Seleccione su pa\u00eds--------------\" value=\"\" type=\"text\" name=\"Pais\" \/><\/span><\/label>\n<\/p>\n<p><label>Tel\u00e9fono: <span class=\"wpcf7-form-control-wrap\" data-name=\"Contacto\"><input size=\"40\" class=\"wpcf7-form-control wpcf7-phonetext wpcf7-validates-as-required wpcf7-text wpcf7-validates-as-phonetext\" aria-required=\"true\" aria-invalid=\"false\" placeholder=\"--------------Ingrese su n\u00famero de contacto--------------\" value=\"\" type=\"text\" name=\"Contacto\" \/><input type=\"hidden\" name=\"Contacto-country-code\" class=\"wpcf7-phonetext-country-code\" \/><\/span><\/label>\n<\/p>\n<p><label>Fecha: <span class=\"wpcf7-form-control-wrap\" data-name=\"data\"><input size=\"40\" maxlength=\"400\" class=\"wpcf7-form-control wpcf7-text walcf7-datepicker\" aria-invalid=\"false\" value=\"\" type=\"text\" name=\"data\" \/><\/span><\/label>\n<\/p>\n<h3>\u00bfQu\u00e9 tour desea reservar?\n<\/h3>\n<p><label>Seleccione su tour<br \/>\n<span class=\"wpcf7-form-control-wrap\" data-name=\"paseo\"><select class=\"wpcf7-form-control wpcf7-select wpcf7-validates-as-required\" aria-required=\"true\" aria-invalid=\"false\" name=\"paseo\"><option value=\"\">&#8212;Por favor, elige una opci\u00f3n&#8212;<\/option><option value=\"Traslado de Lisboa a Oporto con visitas guiadas\">Traslado de Lisboa a Oporto con visitas guiadas<\/option><option value=\"Traslado de Oporto a Lisboa con visitas guiadas\">Traslado de Oporto a Lisboa con visitas guiadas<\/option><option value=\"Tour por Lisboa: Descubre Secretos y Vive Momentos \u00c9picos\">Tour por Lisboa: Descubre Secretos y Vive Momentos \u00c9picos<\/option><option value=\"Tour de 4 Horas por Lisboa\">Tour de 4 Horas por Lisboa<\/option><option value=\"Tour Lisboa y \u00d3bidos: Historia y Encanto Medieval\">Tour Lisboa y \u00d3bidos: Historia y Encanto Medieval<\/option><option value=\"Tour Sintra, Cascais y Estoril: Encantos de la Costa de Lisboa\">Tour Sintra, Cascais y Estoril: Encantos de la Costa de Lisboa<\/option><option value=\"Tour de 4 Horas por Sintra\">Tour de 4 Horas por Sintra<\/option><option value=\"Tour Lisboa y Sintra: Lo Mejor de Ambos\">Tour Lisboa y Sintra: Lo Mejor de Ambos<\/option><option value=\"Tour \u00d3bidos y Sintra: Belleza Hist\u00f3rica\">Tour \u00d3bidos y Sintra: Belleza Hist\u00f3rica<\/option><option value=\"Tour F\u00e1tima y Sintra: Espiritualidad e Historia\">Tour F\u00e1tima y Sintra: Espiritualidad e Historia<\/option><option value=\"Tour F\u00e1tima y Co\u00edmbra: Religi\u00f3n y Cultura\">Tour F\u00e1tima y Co\u00edmbra: Religi\u00f3n y Cultura<\/option><option value=\"Tour F\u00e1tima, Batalha, Nazar\u00e9 y \u00d3bidos\">Tour F\u00e1tima, Batalha, Nazar\u00e9 y \u00d3bidos<\/option><option value=\"Tour F\u00e1tima en 5 Horas\">Tour F\u00e1tima en 5 Horas<\/option><option value=\"Tour F\u00e1tima y \u00d3bidos: Historia y Espiritualidad\">Tour F\u00e1tima y \u00d3bidos: Historia y Espiritualidad<\/option><option value=\"Tour Templario: Historia de los Caballeros en Portugal\">Tour Templario: Historia de los Caballeros en Portugal<\/option><option value=\"Tour \u00c9vora: Historia y Tradici\u00f3n en el Coraz\u00f3n del Alentejo\">Tour \u00c9vora: Historia y Tradici\u00f3n en el Coraz\u00f3n del Alentejo<\/option><option value=\"Tour Sesimbra, Azeit\u00e3o y Set\u00fabal\">Tour Sesimbra, Azeit\u00e3o y Set\u00fabal<\/option><option value=\"Tour Co\u00edmbra y Oporto: Historia y Cultura\">Tour Co\u00edmbra y Oporto: Historia y Cultura<\/option><option value=\"Tour Co\u00edmbra y Aveiro: Cultura y Canales\">Tour Co\u00edmbra y Aveiro: Cultura y Canales<\/option><option value=\"Tour Serra da Estrela: Nieve, Queso y Aventura\">Tour Serra da Estrela: Nieve, Queso y Aventura<\/option><option value=\"Tour Oporto: Historia, Cultura y Sabores\">Tour Oporto: Historia, Cultura y Sabores<\/option><option value=\"Tour de 4 Horas por Oporto\">Tour de 4 Horas por Oporto<\/option><option value=\"Tour Nocturno por Oporto\">Tour Nocturno por Oporto<\/option><option value=\"Tour Valle del Duero: Vinos y Paisajes\">Tour Valle del Duero: Vinos y Paisajes<\/option><option value=\"Tour Braga y Guimar\u00e3es: Historia y Tradici\u00f3n\">Tour Braga y Guimar\u00e3es: Historia y Tradici\u00f3n<\/option><option value=\"Tour Parque Nacional de Ger\u00eas: Naturaleza y Aventura\">Tour Parque Nacional de Ger\u00eas: Naturaleza y Aventura<\/option><option value=\"Tour Aveiro y Co\u00edmbra: Cultura y Naturaleza\">Tour Aveiro y Co\u00edmbra: Cultura y Naturaleza<\/option><option value=\"Tour Co\u00edmbra y F\u00e1tima: Historia y Espiritualidad\">Tour Co\u00edmbra y F\u00e1tima: Historia y Espiritualidad<\/option><option value=\"Tour F\u00e1tima y Tomar: Historia y Religi\u00f3n\">Tour F\u00e1tima y Tomar: Historia y Religi\u00f3n<\/option><option value=\"Tour Viana do Castelo, Ponte de Lima y Barcelos\">Tour Viana do Castelo, Ponte de Lima y Barcelos<\/option><option value=\"Tour Vino Alvarinho: Degustaci\u00f3n y Tradici\u00f3n\">Tour Vino Alvarinho: Degustaci\u00f3n y Tradici\u00f3n<\/option><option value=\"Tour Santiago de Compostela desde Oporto\">Tour Santiago de Compostela desde Oporto<\/option><option value=\"Tour Tomar y Co\u00edmbra: Historia y Cultura\">Tour Tomar y Co\u00edmbra: Historia y Cultura<\/option><option value=\"Tour Lisboa Outlet: Compras y M\u00e1s\">Tour Lisboa Outlet: Compras y M\u00e1s<\/option><option value=\"Tour Algarve desde Lisboa: Descubre el Sur\">Tour Algarve desde Lisboa: Descubre el Sur<\/option><option value=\"Ruta Portugal-Espa\u00f1a: Descubre Ambos Pa\u00edses\">Ruta Portugal-Espa\u00f1a: Descubre Ambos Pa\u00edses<\/option><option value=\"Ruta 14 D\u00edas por Portugal: De Norte a Sur\">Ruta 14 D\u00edas por Portugal: De Norte a Sur<\/option><option value=\"Ruta 12 D\u00edas por Portugal: Cultura e Historia\">Ruta 12 D\u00edas por Portugal: Cultura e Historia<\/option><option value=\"Ruta 10 D\u00edas por Portugal: Aventura y Cultura\">Ruta 10 D\u00edas por Portugal: Aventura y Cultura<\/option><option value=\"Incre\u00edble Ruta 9 D\u00edas en Portugal\">Incre\u00edble Ruta 9 D\u00edas en Portugal<\/option><option value=\"Ruta 8 D\u00edas: Historia, Cultura y Sabores\">Ruta 8 D\u00edas: Historia, Cultura y Sabores<\/option><option value=\"Ruta 7 D\u00edas por Portugal\">Ruta 7 D\u00edas por Portugal<\/option><option value=\"Ruta 6 D\u00edas: De Oporto a Lisboa\">Ruta 6 D\u00edas: De Oporto a Lisboa<\/option><option value=\"Ruta 5 D\u00edas: Naturaleza, Cultura y Gastronom\u00eda\">Ruta 5 D\u00edas: Naturaleza, Cultura y Gastronom\u00eda<\/option><option value=\"Ruta 3 D\u00edas en Oporto\">Ruta 3 D\u00edas en Oporto<\/option><option value=\"Ruta 3 D\u00edas en Oporto desde Lisboa (ida y vuelta)\">Ruta 3 D\u00edas en Oporto desde Lisboa (ida y vuelta)<\/option><option value=\"Incre\u00edble Ruta 2 D\u00edas en Oporto desde Lisboa\">Incre\u00edble Ruta 2 D\u00edas en Oporto desde Lisboa<\/option><option value=\"Ruta 3 D\u00edas en Lisboa: Historia, Fado y Dulces\">Ruta 3 D\u00edas en Lisboa: Historia, Fado y Dulces<\/option><option value=\"Ruta 2 D\u00edas en Lisboa y Sintra\">Ruta 2 D\u00edas en Lisboa y Sintra<\/option><option value=\"Ruta 2 D\u00edas en Oporto: Historia y Vino\">Ruta 2 D\u00edas en Oporto: Historia y Vino<\/option><option value=\"Ruta 2 D\u00edas en el Algarve: Sol y Playa\">Ruta 2 D\u00edas en el Algarve: Sol y Playa<\/option><option value=\"Ruta Jud\u00eda en Portugal: Religi\u00f3n y Cultura\">Ruta Jud\u00eda en Portugal: Religi\u00f3n y Cultura<\/option><option value=\"Ruta de 5 D\u00edas por Aldeas Hist\u00f3ricas\">Ruta de 5 D\u00edas por Aldeas Hist\u00f3ricas<\/option><option value=\"Ruta 3 D\u00edas en el Alentejo: Cultura y Gastronom\u00eda\">Ruta 3 D\u00edas en el Alentejo: Cultura y Gastronom\u00eda<\/option><option value=\"Ruta 3 D\u00edas en el Algarve: Desde Lisboa al Sur\">Ruta 3 D\u00edas en el Algarve: Desde Lisboa al Sur<\/option><\/select><\/span><br \/>\n<\/label>\n<\/p>\n<p><label>N\u00famero de Personas: <span class=\"wpcf7-form-control-wrap\" data-name=\"numero-de-personas\"><select class=\"wpcf7-form-control wpcf7-select wpcf7-validates-as-required\" aria-required=\"true\" aria-invalid=\"false\" name=\"numero-de-personas\"><option value=\"\">&#8212;Por favor, elige una opci\u00f3n&#8212;<\/option><option value=\"1\">1<\/option><option value=\"2\">2<\/option><option value=\"3\">3<\/option><option value=\"4\">4<\/option><option value=\"5\">5<\/option><option value=\"6\">6<\/option><option value=\"7\">7<\/option><option value=\"8\">8<\/option><\/select><\/span><\/label>\n<\/p>\n<h3>Punto de Encuentro\n<\/h3>\n<p><label>Seleccione el punto de encuentro<br \/>\n<span class=\"wpcf7-form-control-wrap\" data-name=\"punto-de-encuentro\"><select class=\"wpcf7-form-control wpcf7-select wpcf7-validates-as-required\" aria-required=\"true\" aria-invalid=\"false\" name=\"punto-de-encuentro\"><option value=\"\">&#8212;Por favor, elige una opci\u00f3n&#8212;<\/option><option value=\"Hotel\">Hotel<\/option><option value=\"Aeropuerto\">Aeropuerto<\/option><option value=\"Terminal de Cruceros\">Terminal de Cruceros<\/option><option value=\"Otro\">Otro<\/option><\/select><\/span><br \/>\n<\/label>\n<\/p>\n<p><label>Detalles del punto de encuentro<br \/>\n<span class=\"wpcf7-form-control-wrap\" data-name=\"detalles-punto\"><textarea cols=\"40\" rows=\"10\" maxlength=\"2000\" class=\"wpcf7-form-control wpcf7-textarea\" aria-invalid=\"false\" placeholder=\"Indique el nombre del hotel, n\u00famero de vuelo, terminal u otra ubicaci\u00f3n espec\u00edfica...\" name=\"detalles-punto\"><\/textarea><\/span><br \/>\n<\/label>\n<\/p>\n<p><label>Comentarios: <span class=\"wpcf7-form-control-wrap\" data-name=\"Pedido-e-detalhes\"><textarea cols=\"40\" rows=\"10\" maxlength=\"2000\" class=\"wpcf7-form-control wpcf7-textarea\" aria-invalid=\"false\" placeholder=\"Ingrese aqu\u00ed cualquier informaci\u00f3n adicional que nos quiera comunicar (ej: nombres, horarios, necesidades especiales...)\" name=\"Pedido-e-detalhes\"><\/textarea><\/span><\/label>\n<\/p>\n<p><input class=\"wpcf7-form-control wpcf7-submit has-spinner\" type=\"submit\" value=\"Enviar Reserva\" \/>\n<\/p><p style=\"display: none !important;\" class=\"akismet-fields-container\" data-prefix=\"_wpcf7_ak_\"><label>&#916;<textarea name=\"_wpcf7_ak_hp_textarea\" cols=\"45\" rows=\"8\" maxlength=\"100\"><\/textarea><\/label><input type=\"hidden\" id=\"ak_js_1\" name=\"_wpcf7_ak_js\" value=\"104\"\/><script>document.getElementById( \"ak_js_1\" ).setAttribute( \"value\", ( new Date() ).getTime() );<\/script><\/p><div class=\"wpcf7-response-output\" aria-hidden=\"true\"><\/div>\n<\/form>\n<\/div>\n<\/div>\n","protected":false},"excerpt":{"rendered":"","protected":false},"author":2,"featured_media":0,"parent":0,"menu_order":0,"comment_status":"closed","ping_status":"closed","template":"","meta":{"_monsterinsights_skip_tracking":false,"_monsterinsights_sitenote_active":false,"_monsterinsights_sitenote_note":"","_monsterinsights_sitenote_category":0,"_uf_show_specific_survey":0,"_uf_disable_surveys":false,"footnotes":""},"class_list":["post-20455","page","type-page","status-publish","hentry","latest_post"],"aioseo_notices":[],"_links":{"self":[{"href":"https:\/\/tours.com.pt\/es\/wp-json\/wp\/v2\/pages\/20455","targetHints":{"allow":["GET"]}}],"collection":[{"href":"https:\/\/tours.com.pt\/es\/wp-json\/wp\/v2\/pages"}],"about":[{"href":"https:\/\/tours.com.pt\/es\/wp-json\/wp\/v2\/types\/page"}],"author":[{"embeddable":true,"href":"https:\/\/tours.com.pt\/es\/wp-json\/wp\/v2\/users\/2"}],"replies":[{"embeddable":true,"href":"https:\/\/tours.com.pt\/es\/wp-json\/wp\/v2\/comments?post=20455"}],"version-history":[{"count":0,"href":"https:\/\/tours.com.pt\/es\/wp-json\/wp\/v2\/pages\/20455\/revisions"}],"wp:attachment":[{"href":"https:\/\/tours.com.pt\/es\/wp-json\/wp\/v2\/media?parent=20455"}],"curies":[{"name":"wp","href":"https:\/\/api.w.org\/{rel}","templated":true}]}}