




{"id":17848,"date":"2024-11-16T16:18:07","date_gmt":"2024-11-16T16:18:07","guid":{"rendered":"https:\/\/tours.com.pt\/reserva-de-voos\/"},"modified":"2024-12-21T15:40:17","modified_gmt":"2024-12-21T15:40:17","slug":"reserva-de-vuelos","status":"publish","type":"page","link":"https:\/\/tours.com.pt\/es\/reserva-de-vuelos\/","title":{"rendered":"Vuelos"},"content":{"rendered":"\n<h4 class=\"wp-block-heading\">Reserva de Vuelos<\/h4>\n\n\n\n<div class=\"wp-block-group\" style=\"margin-top:var(--wp--preset--spacing--100);margin-bottom:var(--wp--preset--spacing--100);padding-right:15px;padding-left:15px\"><div class=\"wp-block-group__inner-container is-layout-constrained wp-container-core-group-is-layout-c23549eb wp-block-group-is-layout-constrained\">\n<p class=\"has-text-align-left\">Reservar tus vuelos para visitar Portugal es el primer paso hacia una experiencia inolvidable. Con diversas opciones de aerol\u00edneas y horarios disponibles, puedes elegir el vuelo que mejor se adapte a tus necesidades y presupuesto. Portugal, con su rica historia, cultura vibrante y paisajes impresionantes, te espera. Desde las playas del Algarve hasta los vi\u00f1edos del Duero, pasando por encantadoras ciudades como Lisboa, Oporto y Co\u00edmbra, cada destino ofrece algo \u00fanico. \u00a1No pierdas tiempo y comienza a <a href=\"https:\/\/www.booking.com\/flights\/index.es.html?aid=1264772&amp;sid=f96e629b556550169284b5951244cb62&amp;from=booking&amp;lang=es&amp;soz=1&amp;lang_changed=1&amp;explicit_lang_change=1\" target=\"_blank\" rel=\"noopener\" title=\"\">planear tu viaje<\/a> para descubrir todo lo que Portugal tiene para ofrecer!<\/p>\n\n\n\n\n\n\n\n<p class=\"has-text-align-center\">En caso de dudas, no dudes en ponerte en <a href=\"https:\/\/tours.com.pt\/es\/contacto\/\" target=\"_blank\" rel=\"noopener\" title=\"\"><strong>contacto con nosotros<\/strong><\/a>.<\/p>\n<\/div><\/div>\n\n\n\n<hr class=\"wp-block-separator has-alpha-channel-opacity\"\/>\n\n\n<div class=\"wp-block-image\">\n<figure class=\"aligncenter size-full is-resized\"><img decoding=\"async\" src=\"data:image\/gif;base64,R0lGODlhAQABAAAAACH5BAEKAAEALAAAAAABAAEAAAICTAEAOw==\" data-layzr=\"https:\/\/tours.com.pt\/wp-content\/uploads\/2024\/11\/aeroporto-lisboa-saguao.webp\" alt=\"Vuelos\" class=\"wp-image-17816\" style=\"width:840px;height:auto\"\/><\/figure>\n<\/div>\n\n\n<p>El <strong>Aeropuerto de Lisboa<\/strong> es el principal punto de entrada para quienes visitan la capital portuguesa, ofreciendo vuelos directos desde varias ciudades alrededor del mundo. Moderno y bien conectado, el aeropuerto es ideal para quienes desean explorar Lisboa y sus vibrantes atracciones, como el barrio hist\u00f3rico de Alfama, la Torre de Bel\u00e9m y la famosa Plaza del Comercio. Por otro lado, el <strong>Aeropuerto de Oporto<\/strong> es el hub perfecto para quienes llegan al norte de Portugal, con f\u00e1cil acceso a la encantadora ciudad de Oporto, famosa por el vino de Oporto, la Ribeira y el puente Don Luis I.<\/p>\n\n\n\n<div class=\"wp-block-buttons is-content-justification-center is-layout-flex wp-container-core-buttons-is-layout-16018d1d wp-block-buttons-is-layout-flex\">\n<div class=\"wp-block-button has-custom-font-size is-style-outline is-style-outline--1\" style=\"font-size:43px;font-style:normal;font-weight:800\"><a class=\"wp-block-button__link has-white-color has-text-color has-background has-link-color wp-element-button\" href=\"https:\/\/www.booking.com\/flights\/index.es.html?aid=1264772&amp;sid=f96e629b556550169284b5951244cb62&amp;from=booking&amp;lang=es&amp;soz=1&amp;lang_changed=1&amp;explicit_lang_change=1\" style=\"background-color:#2a7298\">\u00a1Reserva ya tu vuelo!<\/a><\/div>\n<\/div>\n\n\n<div class=\"wp-block-image\">\n<figure class=\"aligncenter size-full is-resized\"><a href=\"https:\/\/www.booking.com\/flights\/index.es.html?aid=1264772&amp;sid=f96e629b556550169284b5951244cb62&amp;from=booking&amp;lang=es&amp;soz=1&amp;lang_changed=1&amp;explicit_lang_change=1\" target=\"_blank\" rel=\" noreferrer noopener\"><img decoding=\"async\" src=\"data:image\/gif;base64,R0lGODlhAQABAAAAACH5BAEKAAEALAAAAAABAAEAAAICTAEAOw==\" data-layzr=\"https:\/\/tours.com.pt\/wp-content\/uploads\/2024\/11\/ai-generated-side-view-of-commercial-airplane-isolated-on-transparent-background-passenger-plane-generative-ai-png.webp\" alt=\"Vuelos\" class=\"wp-image-17837\" style=\"width:840px;height:auto\"\/><\/a><\/figure>\n<\/div>\n\n\n<figure class=\"wp-block-gallery has-nested-images columns-default is-cropped wp-block-gallery-2 is-layout-flex wp-block-gallery-is-layout-flex\">\n<figure class=\"wp-block-image size-large\"><img decoding=\"async\" data-id=\"17834\" src=\"data:image\/gif;base64,R0lGODlhAQABAAAAACH5BAEKAAEALAAAAAABAAEAAAICTAEAOw==\" data-layzr=\"https:\/\/tours.com.pt\/wp-content\/uploads\/2024\/11\/aerporto-lisboa.jpg\" alt=\"\" class=\"wp-image-17834\"\/><figcaption class=\"wp-element-caption\">Lisboa, Portugal &#8211; Aeropuerto<\/figcaption><\/figure>\n\n\n\n<figure class=\"wp-block-image size-large\"><img decoding=\"async\" data-id=\"17825\" src=\"data:image\/gif;base64,R0lGODlhAQABAAAAACH5BAEKAAEALAAAAAABAAEAAAICTAEAOw==\" data-layzr=\"https:\/\/tours.com.pt\/wp-content\/uploads\/2024\/11\/A330neo-TAP-LIS-Lisboa-1024x683-1.jpg\" alt=\"\" class=\"wp-image-17825\"\/><figcaption class=\"wp-element-caption\">Lisboa, Portugal TAP Air Portugal<\/figcaption><\/figure>\n\n\n\n<figure class=\"wp-block-image size-large\"><img decoding=\"async\" data-id=\"17822\" src=\"data:image\/gif;base64,R0lGODlhAQABAAAAACH5BAEKAAEALAAAAAABAAEAAAICTAEAOw==\" data-layzr=\"https:\/\/tours.com.pt\/wp-content\/uploads\/2024\/11\/TAP-Frota-Patio-Aeroporto-Lisboa-21042701-1024x656.jpg\" alt=\"\" class=\"wp-image-17822\"\/><figcaption class=\"wp-element-caption\">Pista Aeroporto de Lisboa, Portugal<\/figcaption><\/figure>\n\n\n\n<figure class=\"wp-block-image size-large\"><img decoding=\"async\" data-id=\"17819\" src=\"data:image\/gif;base64,R0lGODlhAQABAAAAACH5BAEKAAEALAAAAAABAAEAAAICTAEAOw==\" data-layzr=\"https:\/\/tours.com.pt\/wp-content\/uploads\/2024\/11\/aeroporto-porto-2.webp\" alt=\"\" class=\"wp-image-17819\"\/><figcaption class=\"wp-element-caption\">Porto, Portugal &#8211; Aeroporto<\/figcaption><\/figure>\n\n\n\n<figure class=\"wp-block-image size-large\"><img decoding=\"async\" data-id=\"17828\" src=\"data:image\/gif;base64,R0lGODlhAQABAAAAACH5BAEKAAEALAAAAAABAAEAAAICTAEAOw==\" data-layzr=\"https:\/\/tours.com.pt\/wp-content\/uploads\/2024\/11\/aeroporto-porto.jpg\" alt=\"\" class=\"wp-image-17828\"\/><figcaption class=\"wp-element-caption\">Porto, Portugal &#8211; Aeroporto<\/figcaption><\/figure>\n\n\n\n<figure class=\"wp-block-image size-large\"><img decoding=\"async\" data-id=\"17831\" src=\"data:image\/gif;base64,R0lGODlhAQABAAAAACH5BAEKAAEALAAAAAABAAEAAAICTAEAOw==\" data-layzr=\"https:\/\/tours.com.pt\/wp-content\/uploads\/2024\/11\/aeroporto_porto_pista.jpg\" alt=\"\" class=\"wp-image-17831\"\/><figcaption class=\"wp-element-caption\">Pista Aeroporto do Porto, PortugalA<\/figcaption><\/figure>\n<\/figure>\n\n\n\n<p>Al reservar un itinerario de 2 o m\u00e1s d\u00edas, ofrecemos el traslado de llegada desde el aeropuerto y el traslado al aeropuerto el \u00faltimo d\u00eda del itinerario, para garantizar que tu experiencia en Portugal sea a\u00fan m\u00e1s c\u00f3moda y sin preocupaciones.<\/p>\n","protected":false},"excerpt":{"rendered":"<p>Reserva de Vuelos Reservar tus vuelos para visitar Portugal es el primer paso hacia una experiencia inolvidable. Con diversas opciones de aerol\u00edneas y horarios disponibles, puedes elegir el vuelo que mejor se adapte a tus necesidades y presupuesto. Portugal, con su rica historia, cultura vibrante y paisajes impresionantes, te espera. Desde las playas del Algarve &hellip; <\/p>\n","protected":false},"author":2,"featured_media":17844,"parent":0,"menu_order":0,"comment_status":"closed","ping_status":"closed","template":"","meta":{"_monsterinsights_skip_tracking":false,"_monsterinsights_sitenote_active":false,"_monsterinsights_sitenote_note":"","_monsterinsights_sitenote_category":0,"footnotes":""},"class_list":["post-17848","page","type-page","status-publish","has-post-thumbnail","hentry","latest_post"],"aioseo_notices":[],"_links":{"self":[{"href":"https:\/\/tours.com.pt\/es\/wp-json\/wp\/v2\/pages\/17848","targetHints":{"allow":["GET"]}}],"collection":[{"href":"https:\/\/tours.com.pt\/es\/wp-json\/wp\/v2\/pages"}],"about":[{"href":"https:\/\/tours.com.pt\/es\/wp-json\/wp\/v2\/types\/page"}],"author":[{"embeddable":true,"href":"https:\/\/tours.com.pt\/es\/wp-json\/wp\/v2\/users\/2"}],"replies":[{"embeddable":true,"href":"https:\/\/tours.com.pt\/es\/wp-json\/wp\/v2\/comments?post=17848"}],"version-history":[{"count":0,"href":"https:\/\/tours.com.pt\/es\/wp-json\/wp\/v2\/pages\/17848\/revisions"}],"wp:featuredmedia":[{"embeddable":true,"href":"https:\/\/tours.com.pt\/es\/wp-json\/wp\/v2\/media\/17844"}],"wp:attachment":[{"href":"https:\/\/tours.com.pt\/es\/wp-json\/wp\/v2\/media?parent=17848"}],"curies":[{"name":"wp","href":"https:\/\/api.w.org\/{rel}","templated":true}]}}