




{"id":16944,"date":"2024-06-18T16:00:37","date_gmt":"2024-06-18T15:00:37","guid":{"rendered":"https:\/\/tours.com.pt\/sugestoes-de-hoteis-no-vale-do-douro\/"},"modified":"2025-07-10T19:57:14","modified_gmt":"2025-07-10T18:57:14","slug":"sugerencias-de-hoteles-en-el-valle-del-duero","status":"publish","type":"page","link":"https:\/\/tours.com.pt\/es\/sugerencias-de-hoteles-en-el-valle-del-duero\/","title":{"rendered":"Sugerencias de Hoteles en el Valle del Duero"},"content":{"rendered":"\n<div class=\"wp-block-media-text has-media-on-the-right is-stacked-on-mobile\" style=\"grid-template-columns:auto 55%\"><div class=\"wp-block-media-text__content\">\n<p class=\"has-text-align-center has-large-font-size\"><strong>\u2b50\u2b50\u2b50<strong>\u2b50\u2b50<\/strong><\/strong><\/p>\n\n\n\n<h2 class=\"wp-block-heading has-text-align-center has-medium-font-size\"><strong>The Wine House Hotel &#8211; Quinta da Pacheca<\/strong><a href=\"https:\/\/www.booking.com\/hotel\/pt\/the-wine-house.pt-br.html?aid=372873;sid=d0aacaeae8eec719c693aadddfcfcc55;dest_id=-2167651;dest_type=city;dist=0;group_adults=2;room1=A%2CA;sb_price_type=total;srfid=d0c7084e07fa9bd1100726270b7f94f998bad03dX3;type=total;ucfs=1&amp;#map_opened-hotel_address\"><\/a><\/h2>\n\n\n\n<p class=\"has-text-align-center\"><strong><a href=\"https:\/\/www.booking.com\/hotel\/pt\/the-wine-house.pt-br.html?aid=372873;sid=d0aacaeae8eec719c693aadddfcfcc55;dest_id=-2167651;dest_type=city;dist=0;group_adults=2;room1=A%2CA;sb_price_type=total;srfid=d0c7084e07fa9bd1100726270b7f94f998bad03dX3;type=total;ucfs=1&amp;#map_opened-hotel_address\">\u00a0<\/a>Quinta Da Pacheca, Cambres, 5100-424 Lamego, Portugal<\/strong><\/p>\n\n\n\n<hr class=\"wp-block-separator has-alpha-channel-opacity\"\/>\n\n\n\n<figure class=\"wp-block-gallery has-nested-images columns-default is-cropped wp-block-gallery-1 is-layout-flex wp-block-gallery-is-layout-flex\">\n<figure class=\"wp-block-image size-full\"><a class=\"\" href=\"https:\/\/tours.com.pt\/wp-content\/uploads\/2024\/06\/image-64.jpeg\"><img decoding=\"async\" data-id=\"14195\" src=\"data:image\/gif;base64,R0lGODlhAQABAAAAACH5BAEKAAEALAAAAAABAAEAAAICTAEAOw==\" data-layzr=\"https:\/\/tours.com.pt\/wp-content\/uploads\/2024\/06\/image-64.jpeg\" alt=\"Bungalow Deluxe com Vista Jardim\" class=\"wp-image-14195\"\/><\/a><\/figure>\n\n\n\n<figure class=\"wp-block-image size-full\"><a class=\"https:\/\/www.booking.com\/hotel\/pt\/fenix.en-gb.html?aid=372873;sid=fb38df183267cbc230156fbbc2208391;dcid=4;checkin=2016-02-07;checkout=2016-02-08;dist=0;group_adults=1;group_children=0;no_rooms=1;room1=A;sb_price_type=total;srfid=1689641a6462769e6e001f339d3378bbfb795c72X2;type=total;ucfs=1&amp;;lang=en-gb#map_closed\" href=\"https:\/\/tours.com.pt\/wp-content\/uploads\/2024\/06\/image-65.jpeg\" target=\"_blank\" rel=\"https:\/\/www.booking.com\/hotel\/pt\/fenix.en-gb.html?aid=372873;sid=fb38df183267cbc230156fbbc2208391;dcid=4;checkin=2016-02-07;checkout=2016-02-08;dist=0;group_adults=1;group_children=0;no_rooms=1;room1=A;sb_price_type=total;srfid=1689641a6462769e6e001f339d3378bbfb795c72X2;type=total;ucfs=1&amp;;lang=en-gb#map_closed noopener\"><img decoding=\"async\" data-id=\"14198\" src=\"data:image\/gif;base64,R0lGODlhAQABAAAAACH5BAEKAAEALAAAAAABAAEAAAICTAEAOw==\" data-layzr=\"https:\/\/tours.com.pt\/wp-content\/uploads\/2024\/06\/image-65.jpeg\" alt=\"Galeria de imagens deste alojamento\" class=\"wp-image-14198\"\/><\/a><\/figure>\n\n\n\n<figure class=\"wp-block-image size-full\"><a class=\"https:\/\/www.booking.com\/hotel\/pt\/fenix.en-gb.html?aid=372873;sid=fb38df183267cbc230156fbbc2208391;dcid=4;checkin=2016-02-07;checkout=2016-02-08;dist=0;group_adults=1;group_children=0;no_rooms=1;room1=A;sb_price_type=total;srfid=1689641a6462769e6e001f339d3378bbfb795c72X2;type=total;ucfs=1&amp;;lang=en-gb#map_closed\" href=\"https:\/\/tours.com.pt\/wp-content\/uploads\/2024\/06\/image-66.jpeg\" target=\"_blank\" rel=\"https:\/\/www.booking.com\/hotel\/pt\/fenix.en-gb.html?aid=372873;sid=fb38df183267cbc230156fbbc2208391;dcid=4;checkin=2016-02-07;checkout=2016-02-08;dist=0;group_adults=1;group_children=0;no_rooms=1;room1=A;sb_price_type=total;srfid=1689641a6462769e6e001f339d3378bbfb795c72X2;type=total;ucfs=1&amp;;lang=en-gb#map_closed noreferrer noopener\"><img decoding=\"async\" data-id=\"14201\" src=\"data:image\/gif;base64,R0lGODlhAQABAAAAACH5BAEKAAEALAAAAAABAAEAAAICTAEAOw==\" data-layzr=\"https:\/\/tours.com.pt\/wp-content\/uploads\/2024\/06\/image-66.jpeg\" alt=\"Galeria de imagens deste alojamento\" class=\"wp-image-14201\"\/><\/a><\/figure>\n\n\n\n<figure class=\"wp-block-image size-full\"><a class=\"https:\/\/www.booking.com\/hotel\/pt\/fenix.en-gb.html?aid=372873;sid=fb38df183267cbc230156fbbc2208391;dcid=4;checkin=2016-02-07;checkout=2016-02-08;dist=0;group_adults=1;group_children=0;no_rooms=1;room1=A;sb_price_type=total;srfid=1689641a6462769e6e001f339d3378bbfb795c72X2;type=total;ucfs=1&amp;;lang=en-gb#map_closed\" href=\"https:\/\/tours.com.pt\/wp-content\/uploads\/2024\/06\/image-67.jpeg\" target=\"_blank\" rel=\"https:\/\/www.booking.com\/hotel\/pt\/fenix.en-gb.html?aid=372873;sid=fb38df183267cbc230156fbbc2208391;dcid=4;checkin=2016-02-07;checkout=2016-02-08;dist=0;group_adults=1;group_children=0;no_rooms=1;room1=A;sb_price_type=total;srfid=1689641a6462769e6e001f339d3378bbfb795c72X2;type=total;ucfs=1&amp;;lang=en-gb#map_closed noopener\"><img decoding=\"async\" data-id=\"14204\" src=\"data:image\/gif;base64,R0lGODlhAQABAAAAACH5BAEKAAEALAAAAAABAAEAAAICTAEAOw==\" data-layzr=\"https:\/\/tours.com.pt\/wp-content\/uploads\/2024\/06\/image-67.jpeg\" alt=\"Galeria de imagens deste alojamento\" class=\"wp-image-14204\"\/><\/a><\/figure>\n\n\n\n<figure class=\"wp-block-image size-full\"><a class=\"https:\/\/www.booking.com\/hotel\/pt\/fenix.en-gb.html?aid=372873;sid=fb38df183267cbc230156fbbc2208391;dcid=4;checkin=2016-02-07;checkout=2016-02-08;dist=0;group_adults=1;group_children=0;no_rooms=1;room1=A;sb_price_type=total;srfid=1689641a6462769e6e001f339d3378bbfb795c72X2;type=total;ucfs=1&amp;;lang=en-gb#map_closed\" href=\"https:\/\/tours.com.pt\/wp-content\/uploads\/2024\/06\/image-68.jpeg\" target=\"_blank\" rel=\"https:\/\/www.booking.com\/hotel\/pt\/fenix.en-gb.html?aid=372873;sid=fb38df183267cbc230156fbbc2208391;dcid=4;checkin=2016-02-07;checkout=2016-02-08;dist=0;group_adults=1;group_children=0;no_rooms=1;room1=A;sb_price_type=total;srfid=1689641a6462769e6e001f339d3378bbfb795c72X2;type=total;ucfs=1&amp;;lang=en-gb#map_closed noopener\"><img decoding=\"async\" data-id=\"14207\" src=\"data:image\/gif;base64,R0lGODlhAQABAAAAACH5BAEKAAEALAAAAAABAAEAAAICTAEAOw==\" data-layzr=\"https:\/\/tours.com.pt\/wp-content\/uploads\/2024\/06\/image-68.jpeg\" alt=\"Galeria de imagens deste alojamento\" class=\"wp-image-14207\"\/><\/a><\/figure>\n\n\n\n<figure class=\"wp-block-image size-full\"><a class=\"https:\/\/www.booking.com\/hotel\/pt\/fenix.en-gb.html?aid=372873;sid=fb38df183267cbc230156fbbc2208391;dcid=4;checkin=2016-02-07;checkout=2016-02-08;dist=0;group_adults=1;group_children=0;no_rooms=1;room1=A;sb_price_type=total;srfid=1689641a6462769e6e001f339d3378bbfb795c72X2;type=total;ucfs=1&amp;;lang=en-gb#map_closed\" href=\"https:\/\/tours.com.pt\/wp-content\/uploads\/2024\/06\/image-70.jpeg\" target=\"_blank\" rel=\"https:\/\/www.booking.com\/hotel\/pt\/fenix.en-gb.html?aid=372873;sid=fb38df183267cbc230156fbbc2208391;dcid=4;checkin=2016-02-07;checkout=2016-02-08;dist=0;group_adults=1;group_children=0;no_rooms=1;room1=A;sb_price_type=total;srfid=1689641a6462769e6e001f339d3378bbfb795c72X2;type=total;ucfs=1&amp;;lang=en-gb#map_closed noreferrer noopener\"><img decoding=\"async\" data-id=\"14213\" src=\"data:image\/gif;base64,R0lGODlhAQABAAAAACH5BAEKAAEALAAAAAABAAEAAAICTAEAOw==\" data-layzr=\"https:\/\/tours.com.pt\/wp-content\/uploads\/2024\/06\/image-70.jpeg\" alt=\"Galeria de imagens deste alojamento\" class=\"wp-image-14213\"\/><\/a><\/figure>\n\n\n\n<figure class=\"wp-block-image size-full\"><a class=\"https:\/\/www.booking.com\/hotel\/pt\/fenix.en-gb.html?aid=372873;sid=fb38df183267cbc230156fbbc2208391;dcid=4;checkin=2016-02-07;checkout=2016-02-08;dist=0;group_adults=1;group_children=0;no_rooms=1;room1=A;sb_price_type=total;srfid=1689641a6462769e6e001f339d3378bbfb795c72X2;type=total;ucfs=1&amp;;lang=en-gb#map_closed\" href=\"https:\/\/tours.com.pt\/wp-content\/uploads\/2024\/06\/image-71.jpeg\" target=\"_blank\" rel=\"https:\/\/www.booking.com\/hotel\/pt\/fenix.en-gb.html?aid=372873;sid=fb38df183267cbc230156fbbc2208391;dcid=4;checkin=2016-02-07;checkout=2016-02-08;dist=0;group_adults=1;group_children=0;no_rooms=1;room1=A;sb_price_type=total;srfid=1689641a6462769e6e001f339d3378bbfb795c72X2;type=total;ucfs=1&amp;;lang=en-gb#map_closed noreferrer noopener\"><img decoding=\"async\" data-id=\"14216\" src=\"data:image\/gif;base64,R0lGODlhAQABAAAAACH5BAEKAAEALAAAAAABAAEAAAICTAEAOw==\" data-layzr=\"https:\/\/tours.com.pt\/wp-content\/uploads\/2024\/06\/image-71.jpeg\" alt=\"Galeria de imagens deste alojamento\" class=\"wp-image-14216\"\/><\/a><\/figure>\n\n\n\n<figure class=\"wp-block-image size-full\"><a class=\"https:\/\/www.booking.com\/hotel\/pt\/fenix.en-gb.html?aid=372873;sid=fb38df183267cbc230156fbbc2208391;dcid=4;checkin=2016-02-07;checkout=2016-02-08;dist=0;group_adults=1;group_children=0;no_rooms=1;room1=A;sb_price_type=total;srfid=1689641a6462769e6e001f339d3378bbfb795c72X2;type=total;ucfs=1&amp;;lang=en-gb#map_closed\" href=\"https:\/\/tours.com.pt\/wp-content\/uploads\/2024\/06\/image-72.jpeg\" target=\"_blank\" rel=\"https:\/\/www.booking.com\/hotel\/pt\/fenix.en-gb.html?aid=372873;sid=fb38df183267cbc230156fbbc2208391;dcid=4;checkin=2016-02-07;checkout=2016-02-08;dist=0;group_adults=1;group_children=0;no_rooms=1;room1=A;sb_price_type=total;srfid=1689641a6462769e6e001f339d3378bbfb795c72X2;type=total;ucfs=1&amp;;lang=en-gb#map_closed noopener\"><img decoding=\"async\" data-id=\"14219\" src=\"data:image\/gif;base64,R0lGODlhAQABAAAAACH5BAEKAAEALAAAAAABAAEAAAICTAEAOw==\" data-layzr=\"https:\/\/tours.com.pt\/wp-content\/uploads\/2024\/06\/image-72.jpeg\" alt=\"Galeria de imagens deste alojamento\" class=\"wp-image-14219\"\/><\/a><\/figure>\n\n\n\n<figure class=\"wp-block-image size-full\"><a class=\"https:\/\/www.booking.com\/hotel\/pt\/fenix.en-gb.html?aid=372873;sid=fb38df183267cbc230156fbbc2208391;dcid=4;checkin=2016-02-07;checkout=2016-02-08;dist=0;group_adults=1;group_children=0;no_rooms=1;room1=A;sb_price_type=total;srfid=1689641a6462769e6e001f339d3378bbfb795c72X2;type=total;ucfs=1&amp;;lang=en-gb#map_closed\" href=\"https:\/\/tours.com.pt\/wp-content\/uploads\/2024\/06\/image-73.jpeg\" target=\"_blank\" rel=\"https:\/\/www.booking.com\/hotel\/pt\/fenix.en-gb.html?aid=372873;sid=fb38df183267cbc230156fbbc2208391;dcid=4;checkin=2016-02-07;checkout=2016-02-08;dist=0;group_adults=1;group_children=0;no_rooms=1;room1=A;sb_price_type=total;srfid=1689641a6462769e6e001f339d3378bbfb795c72X2;type=total;ucfs=1&amp;;lang=en-gb#map_closed noopener\"><img decoding=\"async\" data-id=\"14222\" src=\"data:image\/gif;base64,R0lGODlhAQABAAAAACH5BAEKAAEALAAAAAABAAEAAAICTAEAOw==\" data-layzr=\"https:\/\/tours.com.pt\/wp-content\/uploads\/2024\/06\/image-73.jpeg\" alt=\"Galeria de imagens deste alojamento\" class=\"wp-image-14222\"\/><\/a><\/figure>\n<\/figure>\n<\/div><figure class=\"wp-block-media-text__media\"><a href=\"https:\/\/tours.com.pt\/wp-content\/uploads\/2024\/06\/image-63.jpeg\"><img decoding=\"async\" src=\"data:image\/gif;base64,R0lGODlhAQABAAAAACH5BAEKAAEALAAAAAABAAEAAAICTAEAOw==\" data-layzr=\"https:\/\/tours.com.pt\/wp-content\/uploads\/2024\/06\/image-63.jpeg\" alt=\"Galeria de imagens deste alojamento\" class=\"wp-image-14186 size-full\"\/><\/a><\/figure><\/div>\n\n\n\n<hr class=\"wp-block-separator has-alpha-channel-opacity\"\/>\n\n\n\n<details class=\"wp-block-details has-black-color has-text-color has-link-color has-medium-font-size wp-elements-aedf7da91ce81c0f1ab7257a66de4ab2 is-layout-flow wp-block-details-is-layout-flow\"><summary>Saber M\u00e1s<\/summary>\n<p style=\"font-size:15px\"><em>The Wine House Hotel &#8211; Quinta da Pacheca<\/em> es un exclusivo hotel boutique situado en el coraz\u00f3n del Valle del Duero, una de las regiones vin\u00edcolas m\u00e1s famosas de Portugal. Este encantador hotel est\u00e1 rodeado de vi\u00f1edos y forma parte de la hist\u00f3rica propiedad de la <em>Quinta da Pacheca<\/em>, conocida por su producci\u00f3n de vinos excepcionales y su enfoque en la enolog\u00eda.<\/p>\n\n\n\n<p style=\"font-size:15px\">El hotel combina la tradici\u00f3n de una casa se\u00f1orial del siglo XVIII con instalaciones modernas, creando un ambiente acogedor y elegante. Las habitaciones est\u00e1n decoradas con un estilo contempor\u00e1neo que incorpora detalles inspirados en el vino y la regi\u00f3n, y algunas de ellas ofrecen vistas panor\u00e1micas a los vi\u00f1edos. Adem\u00e1s, el hotel ofrece una experiencia \u00fanica en barricas de vino convertidas en alojamientos de lujo, brindando a los hu\u00e9spedes una estad\u00eda memorable en un entorno verdaderamente \u00fanico.<\/p>\n<\/details>\n\n\n\n<hr class=\"wp-block-separator has-alpha-channel-opacity\"\/>\n\n\n\n<p>Principales Comodidades<\/p>\n\n\n\n<ul class=\"wp-block-list\">\n<li>Piscina exterior<\/li>\n\n\n\n<li>Restaurante<\/li>\n\n\n\n<li>Servicio de habitaciones<\/li>\n\n\n\n<li>Acceso Wi-Fi gratuito<\/li>\n\n\n\n<li>Habitaciones para no fumadores<\/li>\n\n\n\n<li>Estacionamiento gratuito<\/li>\n\n\n\n<li>Habitaciones familiares<\/li>\n\n\n\n<li>Desayuno fabuloso<\/li>\n<\/ul>\n\n\n\n<hr class=\"wp-block-separator has-alpha-channel-opacity\"\/>\n\n\n\n<div class=\"wp-block-media-text has-media-on-the-right is-stacked-on-mobile\" style=\"grid-template-columns:auto 55%\"><div class=\"wp-block-media-text__content\">\n<p class=\"has-text-align-center has-large-font-size\"><strong>\u2b50\u2b50\u2b50\u2b50<\/strong><\/p>\n\n\n\n<h2 class=\"wp-block-heading has-text-align-center has-medium-font-size\">Lamego Hotel &amp; Life<a href=\"https:\/\/www.booking.com\/hotel\/pt\/lamego.pt-br.html?aid=372873;sid=d0aacaeae8eec719c693aadddfcfcc55;dest_id=-2167651;dest_type=city;dist=0;group_adults=2;room1=A%2CA;sb_price_type=total;srfid=d0c7084e07fa9bd1100726270b7f94f998bad03dX3;type=total;ucfs=1&amp;#map_opened-hotel_address\"><\/a><\/h2>\n\n\n\n<p class=\"has-text-align-center\"><strong>Rua de S\u00e3o Jo\u00e3o, 5100 &#8211; 010 Lamego, Portugal<\/strong><\/p>\n\n\n\n<hr class=\"wp-block-separator has-alpha-channel-opacity\"\/>\n\n\n\n<figure class=\"wp-block-gallery has-nested-images columns-default is-cropped wp-block-gallery-2 is-layout-flex wp-block-gallery-is-layout-flex\">\n<figure class=\"wp-block-image size-full\"><a class=\"\" href=\"https:\/\/tours.com.pt\/wp-content\/uploads\/2024\/06\/image-78.jpeg\"><img decoding=\"async\" data-id=\"14241\" src=\"data:image\/gif;base64,R0lGODlhAQABAAAAACH5BAEKAAEALAAAAAABAAEAAAICTAEAOw==\" data-layzr=\"https:\/\/tours.com.pt\/wp-content\/uploads\/2024\/06\/image-78.jpeg\" alt=\"Galeria de imagens deste alojamento\" class=\"wp-image-14241\"\/><\/a><\/figure>\n\n\n\n<figure class=\"wp-block-image size-full\"><a class=\"https:\/\/www.booking.com\/hotel\/pt\/fenix.en-gb.html?aid=372873;sid=fb38df183267cbc230156fbbc2208391;dcid=4;checkin=2016-02-07;checkout=2016-02-08;dist=0;group_adults=1;group_children=0;no_rooms=1;room1=A;sb_price_type=total;srfid=1689641a6462769e6e001f339d3378bbfb795c72X2;type=total;ucfs=1&amp;;lang=en-gb#map_closed\" href=\"https:\/\/tours.com.pt\/wp-content\/uploads\/2024\/06\/image-79.jpeg\" target=\"_blank\" rel=\"https:\/\/www.booking.com\/hotel\/pt\/fenix.en-gb.html?aid=372873;sid=fb38df183267cbc230156fbbc2208391;dcid=4;checkin=2016-02-07;checkout=2016-02-08;dist=0;group_adults=1;group_children=0;no_rooms=1;room1=A;sb_price_type=total;srfid=1689641a6462769e6e001f339d3378bbfb795c72X2;type=total;ucfs=1&amp;;lang=en-gb#map_closed noopener\"><img decoding=\"async\" data-id=\"14244\" src=\"data:image\/gif;base64,R0lGODlhAQABAAAAACH5BAEKAAEALAAAAAABAAEAAAICTAEAOw==\" data-layzr=\"https:\/\/tours.com.pt\/wp-content\/uploads\/2024\/06\/image-79.jpeg\" alt=\"Galeria de imagens deste alojamento\" class=\"wp-image-14244\"\/><\/a><\/figure>\n\n\n\n<figure class=\"wp-block-image size-full\"><a class=\"https:\/\/www.booking.com\/hotel\/pt\/fenix.en-gb.html?aid=372873;sid=fb38df183267cbc230156fbbc2208391;dcid=4;checkin=2016-02-07;checkout=2016-02-08;dist=0;group_adults=1;group_children=0;no_rooms=1;room1=A;sb_price_type=total;srfid=1689641a6462769e6e001f339d3378bbfb795c72X2;type=total;ucfs=1&amp;;lang=en-gb#map_closed\" href=\"https:\/\/tours.com.pt\/wp-content\/uploads\/2024\/06\/image-80.jpeg\" target=\"_blank\" rel=\"https:\/\/www.booking.com\/hotel\/pt\/fenix.en-gb.html?aid=372873;sid=fb38df183267cbc230156fbbc2208391;dcid=4;checkin=2016-02-07;checkout=2016-02-08;dist=0;group_adults=1;group_children=0;no_rooms=1;room1=A;sb_price_type=total;srfid=1689641a6462769e6e001f339d3378bbfb795c72X2;type=total;ucfs=1&amp;;lang=en-gb#map_closed noreferrer noopener\"><img decoding=\"async\" data-id=\"14247\" src=\"data:image\/gif;base64,R0lGODlhAQABAAAAACH5BAEKAAEALAAAAAABAAEAAAICTAEAOw==\" data-layzr=\"https:\/\/tours.com.pt\/wp-content\/uploads\/2024\/06\/image-80.jpeg\" alt=\"Galeria de imagens deste alojamento\" class=\"wp-image-14247\"\/><\/a><\/figure>\n\n\n\n<figure class=\"wp-block-image size-full\"><a class=\"https:\/\/www.booking.com\/hotel\/pt\/fenix.en-gb.html?aid=372873;sid=fb38df183267cbc230156fbbc2208391;dcid=4;checkin=2016-02-07;checkout=2016-02-08;dist=0;group_adults=1;group_children=0;no_rooms=1;room1=A;sb_price_type=total;srfid=1689641a6462769e6e001f339d3378bbfb795c72X2;type=total;ucfs=1&amp;;lang=en-gb#map_closed\" href=\"https:\/\/tours.com.pt\/wp-content\/uploads\/2024\/06\/image-81.jpeg\" target=\"_blank\" rel=\"https:\/\/www.booking.com\/hotel\/pt\/fenix.en-gb.html?aid=372873;sid=fb38df183267cbc230156fbbc2208391;dcid=4;checkin=2016-02-07;checkout=2016-02-08;dist=0;group_adults=1;group_children=0;no_rooms=1;room1=A;sb_price_type=total;srfid=1689641a6462769e6e001f339d3378bbfb795c72X2;type=total;ucfs=1&amp;;lang=en-gb#map_closed noopener\"><img decoding=\"async\" data-id=\"14250\" src=\"data:image\/gif;base64,R0lGODlhAQABAAAAACH5BAEKAAEALAAAAAABAAEAAAICTAEAOw==\" data-layzr=\"https:\/\/tours.com.pt\/wp-content\/uploads\/2024\/06\/image-81.jpeg\" alt=\"Quarto Duplo com Vista Vale\" class=\"wp-image-14250\"\/><\/a><\/figure>\n\n\n\n<figure class=\"wp-block-image size-full\"><a class=\"https:\/\/www.booking.com\/hotel\/pt\/fenix.en-gb.html?aid=372873;sid=fb38df183267cbc230156fbbc2208391;dcid=4;checkin=2016-02-07;checkout=2016-02-08;dist=0;group_adults=1;group_children=0;no_rooms=1;room1=A;sb_price_type=total;srfid=1689641a6462769e6e001f339d3378bbfb795c72X2;type=total;ucfs=1&amp;;lang=en-gb#map_closed\" href=\"https:\/\/tours.com.pt\/wp-content\/uploads\/2024\/06\/image-82.jpeg\" target=\"_blank\" rel=\"https:\/\/www.booking.com\/hotel\/pt\/fenix.en-gb.html?aid=372873;sid=fb38df183267cbc230156fbbc2208391;dcid=4;checkin=2016-02-07;checkout=2016-02-08;dist=0;group_adults=1;group_children=0;no_rooms=1;room1=A;sb_price_type=total;srfid=1689641a6462769e6e001f339d3378bbfb795c72X2;type=total;ucfs=1&amp;;lang=en-gb#map_closed noopener\"><img decoding=\"async\" data-id=\"14253\" src=\"data:image\/gif;base64,R0lGODlhAQABAAAAACH5BAEKAAEALAAAAAABAAEAAAICTAEAOw==\" data-layzr=\"https:\/\/tours.com.pt\/wp-content\/uploads\/2024\/06\/image-82.jpeg\" alt=\"Galeria de imagens deste alojamento\" class=\"wp-image-14253\"\/><\/a><\/figure>\n\n\n\n<figure class=\"wp-block-image size-full\"><a class=\"https:\/\/www.booking.com\/hotel\/pt\/fenix.en-gb.html?aid=372873;sid=fb38df183267cbc230156fbbc2208391;dcid=4;checkin=2016-02-07;checkout=2016-02-08;dist=0;group_adults=1;group_children=0;no_rooms=1;room1=A;sb_price_type=total;srfid=1689641a6462769e6e001f339d3378bbfb795c72X2;type=total;ucfs=1&amp;;lang=en-gb#map_closed\" href=\"https:\/\/tours.com.pt\/wp-content\/uploads\/2024\/06\/image-83.jpeg\" target=\"_blank\" rel=\"https:\/\/www.booking.com\/hotel\/pt\/fenix.en-gb.html?aid=372873;sid=fb38df183267cbc230156fbbc2208391;dcid=4;checkin=2016-02-07;checkout=2016-02-08;dist=0;group_adults=1;group_children=0;no_rooms=1;room1=A;sb_price_type=total;srfid=1689641a6462769e6e001f339d3378bbfb795c72X2;type=total;ucfs=1&amp;;lang=en-gb#map_closed noreferrer noopener\"><img decoding=\"async\" data-id=\"14256\" src=\"data:image\/gif;base64,R0lGODlhAQABAAAAACH5BAEKAAEALAAAAAABAAEAAAICTAEAOw==\" data-layzr=\"https:\/\/tours.com.pt\/wp-content\/uploads\/2024\/06\/image-83.jpeg\" alt=\"Galeria de imagens deste alojamento\" class=\"wp-image-14256\"\/><\/a><\/figure>\n\n\n\n<figure class=\"wp-block-image size-full\"><a class=\"https:\/\/www.booking.com\/hotel\/pt\/fenix.en-gb.html?aid=372873;sid=fb38df183267cbc230156fbbc2208391;dcid=4;checkin=2016-02-07;checkout=2016-02-08;dist=0;group_adults=1;group_children=0;no_rooms=1;room1=A;sb_price_type=total;srfid=1689641a6462769e6e001f339d3378bbfb795c72X2;type=total;ucfs=1&amp;;lang=en-gb#map_closed\" href=\"https:\/\/tours.com.pt\/wp-content\/uploads\/2024\/06\/image-75.jpeg\" target=\"_blank\" rel=\"https:\/\/www.booking.com\/hotel\/pt\/fenix.en-gb.html?aid=372873;sid=fb38df183267cbc230156fbbc2208391;dcid=4;checkin=2016-02-07;checkout=2016-02-08;dist=0;group_adults=1;group_children=0;no_rooms=1;room1=A;sb_price_type=total;srfid=1689641a6462769e6e001f339d3378bbfb795c72X2;type=total;ucfs=1&amp;;lang=en-gb#map_closed noreferrer noopener\"><img decoding=\"async\" data-id=\"14232\" src=\"data:image\/gif;base64,R0lGODlhAQABAAAAACH5BAEKAAEALAAAAAABAAEAAAICTAEAOw==\" data-layzr=\"https:\/\/tours.com.pt\/wp-content\/uploads\/2024\/06\/image-75.jpeg\" alt=\"Galeria de imagens deste alojamento\" class=\"wp-image-14232\"\/><\/a><\/figure>\n\n\n\n<figure class=\"wp-block-image size-full\"><a class=\"https:\/\/www.booking.com\/hotel\/pt\/fenix.en-gb.html?aid=372873;sid=fb38df183267cbc230156fbbc2208391;dcid=4;checkin=2016-02-07;checkout=2016-02-08;dist=0;group_adults=1;group_children=0;no_rooms=1;room1=A;sb_price_type=total;srfid=1689641a6462769e6e001f339d3378bbfb795c72X2;type=total;ucfs=1&amp;;lang=en-gb#map_closed\" href=\"https:\/\/tours.com.pt\/wp-content\/uploads\/2024\/06\/image-76.jpeg\" target=\"_blank\" rel=\"https:\/\/www.booking.com\/hotel\/pt\/fenix.en-gb.html?aid=372873;sid=fb38df183267cbc230156fbbc2208391;dcid=4;checkin=2016-02-07;checkout=2016-02-08;dist=0;group_adults=1;group_children=0;no_rooms=1;room1=A;sb_price_type=total;srfid=1689641a6462769e6e001f339d3378bbfb795c72X2;type=total;ucfs=1&amp;;lang=en-gb#map_closed noopener\"><img decoding=\"async\" data-id=\"14235\" src=\"data:image\/gif;base64,R0lGODlhAQABAAAAACH5BAEKAAEALAAAAAABAAEAAAICTAEAOw==\" data-layzr=\"https:\/\/tours.com.pt\/wp-content\/uploads\/2024\/06\/image-76.jpeg\" alt=\"Galeria de imagens deste alojamento\" class=\"wp-image-14235\"\/><\/a><\/figure>\n\n\n\n<figure class=\"wp-block-image size-full\"><a class=\"https:\/\/www.booking.com\/hotel\/pt\/fenix.en-gb.html?aid=372873;sid=fb38df183267cbc230156fbbc2208391;dcid=4;checkin=2016-02-07;checkout=2016-02-08;dist=0;group_adults=1;group_children=0;no_rooms=1;room1=A;sb_price_type=total;srfid=1689641a6462769e6e001f339d3378bbfb795c72X2;type=total;ucfs=1&amp;;lang=en-gb#map_closed\" href=\"https:\/\/tours.com.pt\/wp-content\/uploads\/2024\/06\/image-77.jpeg\" target=\"_blank\" rel=\"https:\/\/www.booking.com\/hotel\/pt\/fenix.en-gb.html?aid=372873;sid=fb38df183267cbc230156fbbc2208391;dcid=4;checkin=2016-02-07;checkout=2016-02-08;dist=0;group_adults=1;group_children=0;no_rooms=1;room1=A;sb_price_type=total;srfid=1689641a6462769e6e001f339d3378bbfb795c72X2;type=total;ucfs=1&amp;;lang=en-gb#map_closed noopener\"><img decoding=\"async\" data-id=\"14238\" src=\"data:image\/gif;base64,R0lGODlhAQABAAAAACH5BAEKAAEALAAAAAABAAEAAAICTAEAOw==\" data-layzr=\"https:\/\/tours.com.pt\/wp-content\/uploads\/2024\/06\/image-77.jpeg\" alt=\"Galeria de imagens deste alojamento\" class=\"wp-image-14238\"\/><\/a><\/figure>\n<\/figure>\n<\/div><figure class=\"wp-block-media-text__media\"><a href=\"https:\/\/tours.com.pt\/wp-content\/uploads\/2024\/06\/image-74.jpeg\"><img decoding=\"async\" src=\"data:image\/gif;base64,R0lGODlhAQABAAAAACH5BAEKAAEALAAAAAABAAEAAAICTAEAOw==\" data-layzr=\"https:\/\/tours.com.pt\/wp-content\/uploads\/2024\/06\/image-74.jpeg\" alt=\"Galeria de imagens deste alojamento\" class=\"wp-image-14229 size-full\"\/><\/a><\/figure><\/div>\n\n\n\n<hr class=\"wp-block-separator has-alpha-channel-opacity\"\/>\n\n\n\n<details class=\"wp-block-details has-black-color has-text-color has-link-color has-medium-font-size wp-elements-42711ae58b453fe256ddf3fd18e208e1 is-layout-flow wp-block-details-is-layout-flow\"><summary>Saber M\u00e1s<\/summary>\n<p style=\"font-size:15px\">El <em>Lamego Hotel &amp; Life<\/em> es un sofisticado hotel de 4 estrellas ubicado en la pintoresca ciudad de Lamego, en el coraz\u00f3n del Valle del Duero, Portugal. Este hotel ofrece una experiencia de lujo en un entorno tranquilo, rodeado de colinas y vi\u00f1edos que caracterizan esta regi\u00f3n vin\u00edcola reconocida como Patrimonio de la Humanidad por la UNESCO.<\/p>\n\n\n\n<p style=\"font-size:15px\">Las habitaciones del <em>Lamego Hotel &amp; Life<\/em> est\u00e1n dise\u00f1adas para proporcionar el m\u00e1ximo confort, con un estilo moderno y elegante. Cada habitaci\u00f3n cuenta con aire acondicionado, Wi-Fi gratuito, televisi\u00f3n de pantalla plana y, en algunos casos, balc\u00f3n con vistas panor\u00e1micas al valle o a los jardines del hotel. Adem\u00e1s, el hotel ofrece habitaciones familiares y suites espaciosas para aquellos que viajan en grupo o en familia.<\/p>\n<\/details>\n\n\n\n<hr class=\"wp-block-separator has-alpha-channel-opacity\"\/>\n\n\n\n<p>Principales Comodidades<\/p>\n\n\n\n<ul class=\"wp-block-list\">\n<li>2 piscinas<\/li>\n\n\n\n<li>Spa y centro de bienestar<\/li>\n\n\n\n<li>Traslado (aeropuerto)<\/li>\n\n\n\n<li>Instalaciones para personas con movilidad reducida<\/li>\n\n\n\n<li>Restaurante<\/li>\n\n\n\n<li>Servicio de habitaciones<\/li>\n\n\n\n<li>Wi-Fi gratuito<\/li>\n\n\n\n<li>Bar<\/li>\n\n\n\n<li>Desayuno soberbio<\/li>\n\n\n\n<li>Cunas (bajo petici\u00f3n)<\/li>\n<\/ul>\n","protected":false},"excerpt":{"rendered":"<p>Principales Comodidades Principales Comodidades<\/p>\n","protected":false},"author":2,"featured_media":17014,"parent":0,"menu_order":0,"comment_status":"closed","ping_status":"closed","template":"","meta":{"_monsterinsights_skip_tracking":false,"_monsterinsights_sitenote_active":false,"_monsterinsights_sitenote_note":"","_monsterinsights_sitenote_category":0,"footnotes":""},"class_list":["post-16944","page","type-page","status-publish","has-post-thumbnail","hentry","latest_post"],"aioseo_notices":[],"_links":{"self":[{"href":"https:\/\/tours.com.pt\/es\/wp-json\/wp\/v2\/pages\/16944","targetHints":{"allow":["GET"]}}],"collection":[{"href":"https:\/\/tours.com.pt\/es\/wp-json\/wp\/v2\/pages"}],"about":[{"href":"https:\/\/tours.com.pt\/es\/wp-json\/wp\/v2\/types\/page"}],"author":[{"embeddable":true,"href":"https:\/\/tours.com.pt\/es\/wp-json\/wp\/v2\/users\/2"}],"replies":[{"embeddable":true,"href":"https:\/\/tours.com.pt\/es\/wp-json\/wp\/v2\/comments?post=16944"}],"version-history":[{"count":0,"href":"https:\/\/tours.com.pt\/es\/wp-json\/wp\/v2\/pages\/16944\/revisions"}],"wp:featuredmedia":[{"embeddable":true,"href":"https:\/\/tours.com.pt\/es\/wp-json\/wp\/v2\/media\/17014"}],"wp:attachment":[{"href":"https:\/\/tours.com.pt\/es\/wp-json\/wp\/v2\/media?parent=16944"}],"curies":[{"name":"wp","href":"https:\/\/api.w.org\/{rel}","templated":true}]}}