




{"id":15692,"date":"2024-06-17T18:09:59","date_gmt":"2024-06-17T17:09:59","guid":{"rendered":"https:\/\/tours.com.pt\/hoteis\/"},"modified":"2025-07-10T21:49:00","modified_gmt":"2025-07-10T20:49:00","slug":"hoteles","status":"publish","type":"page","link":"https:\/\/tours.com.pt\/es\/hoteles\/","title":{"rendered":"Hoteles"},"content":{"rendered":"\n<p class=\"has-text-align-center\" style=\"font-size:30px\"><strong>Sugerencias de Hoteles en Portugal<\/strong><\/p>\n\n\n\n<div class=\"wp-block-columns is-layout-flex wp-container-core-columns-is-layout-9d6595d7 wp-block-columns-is-layout-flex\">\n<div class=\"wp-block-column is-layout-flow wp-block-column-is-layout-flow\">\n<figure class=\"wp-block-image size-full is-resized\"><a class=\"https:\/\/tours.com.pt\/sugestoes-de-hoteis-lisboa\/\" href=\"https:\/\/tours.com.pt\/es\/sugerencias-de-hoteles-en-lisboa\/\" target=\"_blank\" rel=\"https:\/\/tours.com.pt\/sugestoes-de-hoteis-lisboa\/ noopener\"><img decoding=\"async\" src=\"data:image\/gif;base64,R0lGODlhAQABAAAAACH5BAEKAAEALAAAAAABAAEAAAICTAEAOw==\" data-layzr=\"https:\/\/tours.com.pt\/wp-content\/uploads\/2024\/06\/hf-fenix-lisboa.jpg\" alt=\"Sugerencias de Hoteles en Portugal\" class=\"wp-image-13611\" style=\"aspect-ratio:1.203125;object-fit:cover;width:385px;height:auto\"\/><\/a><\/figure>\n\n\n\n<p class=\"has-text-align-center has-text-color has-link-color wp-elements-2f0bacaaa74de432301b5e29f1abb23b\" style=\"color:#2a7297;font-size:30px\"><strong><a href=\"https:\/\/tours.com.pt\/es\/sugerencias-de-hoteles-en-lisboa\/\" target=\"_blank\" rel=\"noopener\" title=\"\">Lisboa<\/a><\/strong><\/p>\n<\/div>\n\n\n\n<div class=\"wp-block-column is-layout-flow wp-block-column-is-layout-flow\">\n<figure class=\"wp-block-image size-full is-resized\"><a class=\"https:\/\/tours.com.pt\/sugestoes-de-hoteis-lisboa\/\" href=\"https:\/\/tours.com.pt\/es\/sugerencias-de-hoteles-en-oporto\/\" target=\"_blank\" rel=\"https:\/\/tours.com.pt\/sugestoes-de-hoteis-lisboa\/ noreferrer noopener\"><img decoding=\"async\" src=\"data:image\/gif;base64,R0lGODlhAQABAAAAACH5BAEKAAEALAAAAAABAAEAAAICTAEAOw==\" data-layzr=\"https:\/\/tours.com.pt\/wp-content\/uploads\/2024\/06\/374534624.jpg\" alt=\"\" class=\"wp-image-13617\" style=\"object-fit:cover;width:385px;height:320px\"\/><\/a><\/figure>\n\n\n\n<p class=\"has-text-align-center has-text-color has-link-color wp-elements-ee546487ca74c2fef845fc007cd95410\" style=\"color:#2a7297;font-size:30px\"><strong><a href=\"https:\/\/tours.com.pt\/es\/sugerencias-de-hoteles-en-oporto\/\" target=\"_blank\" rel=\"noopener\" title=\"\">Porto<\/a><\/strong><\/p>\n<\/div>\n\n\n\n<div class=\"wp-block-column is-layout-flow wp-block-column-is-layout-flow\">\n<figure class=\"wp-block-image size-large is-resized\"><a class=\"https:\/\/tours.com.pt\/sugestoes-de-hoteis-lisboa\/\" href=\"https:\/\/tours.com.pt\/es\/sugerencias-de-hoteles-en-coimbra\/\" target=\"_blank\" rel=\"https:\/\/tours.com.pt\/sugestoes-de-hoteis-lisboa\/ noopener\"><img decoding=\"async\" src=\"data:image\/gif;base64,R0lGODlhAQABAAAAACH5BAEKAAEALAAAAAABAAEAAAICTAEAOw==\" data-layzr=\"https:\/\/tours.com.pt\/wp-content\/uploads\/2024\/06\/hotel-coimbra-aeminium-1024x683.jpg\" alt=\"Hoteles\" class=\"wp-image-13620\" style=\"object-fit:cover;width:385px;height:320px\"\/><\/a><\/figure>\n\n\n\n<p class=\"has-text-align-center has-text-color has-link-color wp-elements-ecc844dfa3946f65bf073285dae54597\" style=\"color:#2a7297;font-size:30px\"><strong><a href=\"https:\/\/tours.com.pt\/es\/sugerencias-de-hoteles-en-coimbra\/\" target=\"_blank\" rel=\"noopener\" title=\"Coimbra\">Coimbra<\/a><\/strong><\/p>\n<\/div>\n<\/div>\n\n\n\n<div class=\"wp-block-columns is-layout-flex wp-container-core-columns-is-layout-9d6595d7 wp-block-columns-is-layout-flex\">\n<div class=\"wp-block-column is-layout-flow wp-block-column-is-layout-flow\">\n<figure class=\"wp-block-image size-full is-resized\"><a class=\"https:\/\/tours.com.pt\/sugestoes-de-hoteis-lisboa\/\" href=\"https:\/\/tours.com.pt\/es\/sugerencias-de-hoteles-en-albufeira\/\" target=\"_blank\" rel=\"https:\/\/tours.com.pt\/sugestoes-de-hoteis-lisboa\/ noopener\"><img decoding=\"async\" src=\"data:image\/gif;base64,R0lGODlhAQABAAAAACH5BAEKAAEALAAAAAABAAEAAAICTAEAOw==\" data-layzr=\"https:\/\/tours.com.pt\/wp-content\/uploads\/2024\/06\/piscina-pool.jpg\" alt=\"\" class=\"wp-image-13636\" style=\"object-fit:cover;width:385px;height:320px\"\/><\/a><\/figure>\n\n\n\n<p class=\"has-text-align-center has-text-color has-link-color wp-elements-bb9d10c7720bfa1546f8612c43ed8133\" style=\"color:#2a7297;font-size:30px\"><a href=\"https:\/\/tours.com.pt\/es\/sugerencias-de-hoteles-en-albufeira\/\" target=\"_blank\" rel=\"noopener\" title=\"\"><strong>Albufeira (Algarve<\/strong><\/a>)<\/p>\n<\/div>\n\n\n\n<div class=\"wp-block-column is-layout-flow wp-block-column-is-layout-flow\">\n<figure class=\"wp-block-image size-full is-resized\"><a class=\"https:\/\/tours.com.pt\/sugestoes-de-hoteis-lisboa\/\" href=\"https:\/\/tours.com.pt\/es\/sugerencias-de-hoteles-en-evora\/\" target=\"_blank\" rel=\"https:\/\/tours.com.pt\/sugestoes-de-hoteis-lisboa\/ noreferrer noopener\"><img decoding=\"async\" src=\"data:image\/gif;base64,R0lGODlhAQABAAAAACH5BAEKAAEALAAAAAABAAEAAAICTAEAOw==\" data-layzr=\"https:\/\/tours.com.pt\/wp-content\/uploads\/2024\/06\/198597.jpg\" alt=\"\" class=\"wp-image-13639\" style=\"object-fit:cover;width:385px;height:320px\"\/><\/a><\/figure>\n\n\n\n<p class=\"has-text-align-center has-text-color has-link-color wp-elements-b3a9876719af993ab65bc2eb6f55d779\" style=\"color:#2a7297;font-size:30px\"><strong><a href=\"https:\/\/tours.com.pt\/es\/sugerencias-de-hoteles-en-evora\/\" target=\"_blank\" rel=\"noopener\" title=\"\u00c9vora\">\u00c9vora<\/a><\/strong><\/p>\n<\/div>\n\n\n\n<div class=\"wp-block-column is-layout-flow wp-block-column-is-layout-flow\">\n<figure class=\"wp-block-image size-large is-resized\"><a class=\"https:\/\/tours.com.pt\/sugestoes-de-hoteis-lisboa\/\" href=\"https:\/\/tours.com.pt\/es\/sugerencias-de-hoteles-en-el-valle-del-duero\/\" target=\"_blank\" rel=\"https:\/\/tours.com.pt\/sugestoes-de-hoteis-lisboa\/ noopener\"><img decoding=\"async\" src=\"data:image\/gif;base64,R0lGODlhAQABAAAAACH5BAEKAAEALAAAAAABAAEAAAICTAEAOw==\" data-layzr=\"https:\/\/tours.com.pt\/wp-content\/uploads\/2024\/06\/Lamego-Hotel-Life-Exterior-1024x683.jpeg\" alt=\"\" class=\"wp-image-13642\" style=\"object-fit:cover;width:385px;height:320px\"\/><\/a><\/figure>\n\n\n\n<p class=\"has-text-align-center has-text-color has-link-color wp-elements-38c1a882eed6580b5b28d82aa2eb7f3b\" style=\"color:#2a7297;font-size:30px\"><strong><a href=\"https:\/\/tours.com.pt\/es\/sugerencias-de-hoteles-en-el-valle-del-duero\/\" target=\"_blank\" rel=\"noopener\" title=\"Peso da R\u00e9gua\">Valle del Duero<\/a><\/strong><\/p>\n<\/div>\n<\/div>\n\n\n\n<div class=\"wp-block-columns is-layout-flex wp-container-core-columns-is-layout-9d6595d7 wp-block-columns-is-layout-flex\">\n<div class=\"wp-block-column is-layout-flow wp-block-column-is-layout-flow\">\n<figure class=\"wp-block-image size-full is-resized\"><a class=\"https:\/\/tours.com.pt\/sugestoes-de-hoteis-lisboa\/\" href=\"https:\/\/tours.com.pt\/es\/sugerencias-de-hoteles-en-monsanto\/\" target=\"_blank\" rel=\"https:\/\/tours.com.pt\/sugestoes-de-hoteis-lisboa\/ noopener\"><img decoding=\"async\" src=\"data:image\/gif;base64,R0lGODlhAQABAAAAACH5BAEKAAEALAAAAAABAAEAAAICTAEAOw==\" data-layzr=\"https:\/\/tours.com.pt\/wp-content\/uploads\/2024\/06\/60045065.jpg\" alt=\"\" class=\"wp-image-13645\" style=\"aspect-ratio:1.203125;object-fit:cover;width:385px;height:auto\"\/><\/a><\/figure>\n\n\n\n<p class=\"has-text-align-center has-text-color has-link-color wp-elements-8a6d612531b1570bd61571570c572fb2\" style=\"color:#2a7297;font-size:30px\"><strong><a href=\"https:\/\/tours.com.pt\/es\/sugerencias-de-hoteles-en-monsanto\/\" target=\"_blank\" rel=\"noopener\" title=\"Monsanto\">Monsanto<\/a><\/strong><\/p>\n<\/div>\n\n\n\n<div class=\"wp-block-column is-layout-flow wp-block-column-is-layout-flow\">\n<figure class=\"wp-block-image size-full is-resized\"><a class=\"https:\/\/tours.com.pt\/sugestoes-de-hoteis-lisboa\/\" href=\"https:\/\/tours.com.pt\/es\/sugerencias-de-hoteles-en-marvao\/\" target=\"_blank\" rel=\"https:\/\/tours.com.pt\/sugestoes-de-hoteis-lisboa\/ noreferrer noopener\"><img decoding=\"async\" src=\"data:image\/gif;base64,R0lGODlhAQABAAAAACH5BAEKAAEALAAAAAABAAEAAAICTAEAOw==\" data-layzr=\"https:\/\/tours.com.pt\/wp-content\/uploads\/2024\/06\/marvao-restaurant_5677227855cefc18763728.jpg\" alt=\"\" class=\"wp-image-13648\" style=\"object-fit:cover;width:385px;height:320px\"\/><\/a><\/figure>\n\n\n\n<p class=\"has-text-align-center has-text-color has-link-color wp-elements-0a4310ccc707ddef276ce80fe1528c57\" style=\"color:#2a7297;font-size:30px\"><strong><a href=\"https:\/\/tours.com.pt\/es\/sugerencias-de-hoteles-en-marvao\/\" target=\"_blank\" rel=\"noopener\" title=\"Marv\u00e3o\">Marv\u00e3o<\/a><\/strong><\/p>\n<\/div>\n\n\n\n<div class=\"wp-block-column is-layout-flow wp-block-column-is-layout-flow\">\n<figure class=\"wp-block-image size-large is-resized\"><a href=\"https:\/\/tours.com.pt\/es\/sugerencias-de-hoteles-en-fatima\/\" target=\"_blank\" rel=\" noreferrer noopener\"><img decoding=\"async\" src=\"data:image\/gif;base64,R0lGODlhAQABAAAAACH5BAEKAAEALAAAAAABAAEAAAICTAEAOw==\" data-layzr=\"https:\/\/tours.com.pt\/wp-content\/uploads\/2024\/06\/expediav2-326412-356309-128821-1024x576.jpg\" alt=\"\" class=\"wp-image-13651\" style=\"object-fit:cover;width:385px;height:320px\"\/><\/a><\/figure>\n\n\n\n<p class=\"has-text-align-center has-text-color has-link-color wp-elements-36573e8545da2759d227f11e96ecffca\" style=\"color:#2a7297;font-size:30px\"><strong><a href=\"https:\/\/tours.com.pt\/es\/sugerencias-de-hoteles-en-fatima\/\" target=\"_blank\" rel=\"noopener\" title=\"\">F\u00e1tima<\/a><\/strong><\/p>\n<\/div>\n<\/div>\n\n\n\n<div class=\"wp-block-columns is-layout-flex wp-container-core-columns-is-layout-9d6595d7 wp-block-columns-is-layout-flex\">\n<div class=\"wp-block-column is-layout-flow wp-block-column-is-layout-flow\">\n<figure class=\"wp-block-image size-full is-resized\"><a class=\"https:\/\/tours.com.pt\/sugestoes-de-hoteis-lisboa\/\" href=\"https:\/\/tours.com.pt\/es\/sugerencias-de-hoteles-en-funchal-madeira\/\" target=\"_blank\" rel=\"https:\/\/tours.com.pt\/sugestoes-de-hoteis-lisboa\/ noopener\"><img decoding=\"async\" src=\"data:image\/gif;base64,R0lGODlhAQABAAAAACH5BAEKAAEALAAAAAABAAEAAAICTAEAOw==\" data-layzr=\"https:\/\/tours.com.pt\/wp-content\/uploads\/2024\/11\/Sugestoes-de-Hoteis-em-Funchal-Madeira11-1.jpg\" alt=\"\" class=\"wp-image-17140\" style=\"aspect-ratio:1.203125;object-fit:cover;width:385px;height:auto\"\/><\/a><\/figure>\n\n\n\n<p class=\"has-text-align-center has-text-color has-link-color wp-elements-7a941802f82b8f0fd774abda661bbbd5\" style=\"color:#2a7297;font-size:30px;text-decoration:underline\"><strong><a href=\"https:\/\/tours.com.pt\/es\/sugerencias-de-hoteles-en-funchal-madeira\/\" target=\"_blank\" rel=\"noopener\" title=\"\">Madeira<\/a><\/strong><\/p>\n<\/div>\n\n\n\n<div class=\"wp-block-column is-layout-flow wp-block-column-is-layout-flow\">\n<figure class=\"wp-block-image size-full is-resized\"><a class=\"https:\/\/tours.com.pt\/sugestoes-de-hoteis-lisboa\/\" href=\"https:\/\/tours.com.pt\/es\/sugerencias-de-hoteles-en-ponta-delgada-azores\/\" target=\"_blank\" rel=\"https:\/\/tours.com.pt\/sugestoes-de-hoteis-lisboa\/ noreferrer noopener\"><img decoding=\"async\" src=\"data:image\/gif;base64,R0lGODlhAQABAAAAACH5BAEKAAEALAAAAAABAAEAAAICTAEAOw==\" data-layzr=\"https:\/\/tours.com.pt\/wp-content\/uploads\/2024\/11\/Licores-Acores.jpg\" alt=\"\" class=\"wp-image-17372\" style=\"object-fit:cover;width:385px;height:320px\"\/><\/a><\/figure>\n\n\n\n<p class=\"has-text-align-center has-text-color has-link-color wp-elements-c59c7ae10e220706a9e94f653b68c3c9\" style=\"color:#2a7297;font-size:30px;text-decoration:underline\"><strong><a href=\"https:\/\/tours.com.pt\/es\/sugerencias-de-hoteles-en-ponta-delgada-azores\/\" target=\"_blank\" rel=\"noopener\" title=\"\">A\u00e7ores<\/a><\/strong><\/p>\n<\/div>\n\n\n\n<div class=\"wp-block-column is-layout-flow wp-block-column-is-layout-flow\">\n<figure class=\"wp-block-image size-full is-resized\"><a href=\"https:\/\/tours.com.pt\/es\/sugerencias-de-hoteles-en-serra-da-estrella\/\" target=\"_blank\" rel=\" noreferrer noopener\"><img decoding=\"async\" src=\"data:image\/gif;base64,R0lGODlhAQABAAAAACH5BAEKAAEALAAAAAABAAEAAAICTAEAOw==\" data-layzr=\"https:\/\/tours.com.pt\/wp-content\/uploads\/2024\/11\/Serra-da-Estrela-1.jpg\" alt=\"\" class=\"wp-image-17741\" style=\"object-fit:cover;width:385px;height:320px\"\/><\/a><\/figure>\n\n\n\n<p class=\"has-text-align-center has-text-color has-link-color wp-elements-d5bbe3f42f8a712fe828ba674f85020a\" style=\"color:#2a7297;font-size:30px;text-decoration:underline\"><strong><a href=\"https:\/\/tours.com.pt\/es\/sugerencias-de-hoteles-en-serra-da-estrella\/\" target=\"_blank\" rel=\"noopener\" title=\"Serra da estrela\">Serra da estrela<\/a><\/strong><\/p>\n<\/div>\n<\/div>\n\n\n\n<hr class=\"wp-block-separator has-alpha-channel-opacity\"\/>\n\n\n\n<p class=\"has-text-align-left\">Portugal es conocido por sus impresionantes paisajes, rica historia y hospitalidad c\u00e1lida. Es un destino que encanta a todo tipo de viajeros. Ya sea en ciudades vibrantes, tranquilos pueblos costeros o en refugios rurales, siempre hay un hotel perfecto para ti.<\/p>\n\n\n<div class=\"wp-block-image\">\n<figure class=\"aligncenter size-full\"><img decoding=\"async\" src=\"data:image\/gif;base64,R0lGODlhAQABAAAAACH5BAEKAAEALAAAAAABAAEAAAICTAEAOw==\" data-layzr=\"https:\/\/tours.com.pt\/wp-content\/uploads\/2024\/11\/Sugestoes-de-Hoteis-na-Serra-da-Estrela30.jpg\" alt=\"\" class=\"wp-image-17744\" style=\"object-fit:cover\"\/><\/figure>\n<\/div>\n\n\n<p>Para quienes aman las ciudades, Lisboa y Oporto ofrecen encantadores hoteles boutique. Combinan dise\u00f1o tradicional con comodidad moderna, garantizando una experiencia aut\u00e9ntica. Si prefieres relajarte junto al mar, el Algarve cuenta con resorts de lujo, ideales para disfrutar del sol y el oc\u00e9ano.<\/p>\n\n\n\n<p>En el <a href=\"https:\/\/www.visitportugal.com\/es\/destinos\/porto-e-norte\/73746\" target=\"_blank\" rel=\"noopener\" title=\"\">Valle del Duero<\/a>, los amantes del vino pueden hospedarse en quintas o en hoteles vin\u00edcolas. Estos lugares permiten disfrutar de degustaciones mientras admiras vistas incre\u00edbles. En la Serra da Estrela, hay acogedoras posadas perfectas para quienes aman las monta\u00f1as y las actividades al aire libre. En el Alentejo, el ritmo es m\u00e1s tranquilo, y los hoteles rurales ofrecen una estad\u00eda relajante en el campo.<\/p>\n\n\n\n<p>Si buscas algo \u00fanico, explora las Azores o Madeira. Estos archipi\u00e9lagos cuentan con hoteles en paisajes volc\u00e1nicos, bosques tropicales o impresionantes acantilados. Son perfectos para los amantes de la naturaleza y la aventura.<\/p>\n\n\n\n<p class=\"has-text-align-left\">Con tantas opciones, Portugal garantiza experiencias inolvidables para todos. A continuaci\u00f3n, encontrar\u00e1s sugerencias de hoteles en diferentes regiones y estilos para ayudarte a planificar un viaje c\u00f3modo y memorable.<\/p>\n","protected":false},"excerpt":{"rendered":"<p>Sugerencias de Hoteles en Portugal Lisboa Porto Coimbra Albufeira (Algarve) \u00c9vora Valle del Duero Monsanto Marv\u00e3o F\u00e1tima Madeira A\u00e7ores Serra da estrela Portugal es conocido por sus impresionantes paisajes, rica historia y hospitalidad c\u00e1lida. Es un destino que encanta a todo tipo de viajeros. Ya sea en ciudades vibrantes, tranquilos pueblos costeros o en refugios &hellip; <\/p>\n","protected":false},"author":3,"featured_media":0,"parent":0,"menu_order":0,"comment_status":"closed","ping_status":"closed","template":"","meta":{"_monsterinsights_skip_tracking":false,"_monsterinsights_sitenote_active":false,"_monsterinsights_sitenote_note":"","_monsterinsights_sitenote_category":0,"_uf_show_specific_survey":0,"_uf_disable_surveys":false,"footnotes":""},"class_list":["post-15692","page","type-page","status-publish","hentry","latest_post"],"aioseo_notices":[],"_links":{"self":[{"href":"https:\/\/tours.com.pt\/es\/wp-json\/wp\/v2\/pages\/15692","targetHints":{"allow":["GET"]}}],"collection":[{"href":"https:\/\/tours.com.pt\/es\/wp-json\/wp\/v2\/pages"}],"about":[{"href":"https:\/\/tours.com.pt\/es\/wp-json\/wp\/v2\/types\/page"}],"author":[{"embeddable":true,"href":"https:\/\/tours.com.pt\/es\/wp-json\/wp\/v2\/users\/3"}],"replies":[{"embeddable":true,"href":"https:\/\/tours.com.pt\/es\/wp-json\/wp\/v2\/comments?post=15692"}],"version-history":[{"count":0,"href":"https:\/\/tours.com.pt\/es\/wp-json\/wp\/v2\/pages\/15692\/revisions"}],"wp:attachment":[{"href":"https:\/\/tours.com.pt\/es\/wp-json\/wp\/v2\/media?parent=15692"}],"curies":[{"name":"wp","href":"https:\/\/api.w.org\/{rel}","templated":true}]}}