




{"id":15672,"date":"2023-11-29T19:38:08","date_gmt":"2023-11-29T19:38:08","guid":{"rendered":"https:\/\/tours.com.pt\/transfers\/"},"modified":"2024-11-23T21:36:06","modified_gmt":"2024-11-23T21:36:06","slug":"traslados","status":"publish","type":"page","link":"https:\/\/tours.com.pt\/es\/traslados\/","title":{"rendered":"Traslados"},"content":{"rendered":"\n<p class=\"has-text-align-center\"><strong>Descubre la comodidad y eficiencia de nuestros traslados con transporte privado<\/strong> <strong>en Lisboa.<\/strong><\/p>\n\n\n\n<h3 class=\"wp-block-heading\">\u00bfPor qu\u00e9 elegir nuestros traslados?<\/h3>\n\n\n\n<ul class=\"wp-block-list\">\n<li><strong>Conductores experimentados:<\/strong> Nuestros conductores son profesionales y amigables, por lo tanto, garantizan un viaje seguro y agradable.<\/li>\n\n\n\n<li><strong>Veh\u00edculos modernos:<\/strong> Viaja con estilo en nuestra flota de veh\u00edculos modernos y bien mantenidos.<\/li>\n\n\n\n<li><strong>Comodidad y conveniencia:<\/strong> Adem\u00e1s, disfruta de aire acondicionado, Wi-Fi y asientos c\u00f3modos para que tu viaje sea a\u00fan m\u00e1s agradable.<\/li>\n\n\n\n<li><strong>Puntualidad:<\/strong> Valoramos tu tiempo y nos esforzamos por ofrecer recogidas y entregas puntuales.<\/li>\n\n\n\n<li><strong>Servicio personalizado:<\/strong> Nos adaptamos a tus necesidades, por eso ofrecemos servicios personalizados para que tu traslado sea una experiencia \u00fanica.<\/li>\n<\/ul>\n\n\n\n<h3 class=\"wp-block-heading\">Servicios Ofrecidos<\/h3>\n\n\n\n<ul class=\"wp-block-list\">\n<li><strong>Traslados al Aeropuerto:<\/strong> Traslado sin complicaciones desde y hacia el Aeropuerto de Lisboa.<\/li>\n\n\n\n<li><strong>Traslados al Hotel:<\/strong> Transporte conveniente hacia y desde tu hotel.<\/li>\n\n\n\n<li><strong>Tours por la Ciudad:<\/strong> Explora Lisboa con nuestros tours guiados, dise\u00f1ados para mostrar lo mejor de la ciudad.<\/li>\n\n\n\n<li><strong>Traslados Personalizados:<\/strong> \u00bfBuscas algo distinto? Por eso, ofrecemos traslados personalizados para adaptarnos a tus necesidades.<\/li>\n<\/ul>\n\n\n\n<h3 class=\"wp-block-heading\">\u00a1Reserva tus traslados hoy!<\/h3>\n\n\n\n<p>Disfruta de lo mejor en comodidad y eficiencia con transporte privado de <a href=\"https:\/\/tours.com.pt\/es\/sobre-nosotros\/\" target=\"_blank\" rel=\"noopener\" title=\"\">Walkborder Tours<\/a>. Reserva tus traslados hoy y viaja con total tranquilidad.<\/p>\n\n\n\n<div class=\"wp-block-media-text is-stacked-on-mobile is-vertically-aligned-center\"><figure class=\"wp-block-media-text__media\"><img decoding=\"async\" src=\"data:image\/gif;base64,R0lGODlhAQABAAAAACH5BAEKAAEALAAAAAABAAEAAAICTAEAOw==\" data-layzr=\"https:\/\/tours.com.pt\/wp-content\/uploads\/2024\/02\/Mercedes-Class-E-1--1024x768.jpeg\" alt=\"Los traslados con Transporte privado de Walkborder ofrecen comodidad, seguridad y puntualidad en cada viaje. Mercedes Clase E. \" class=\"wp-image-1292 size-full\"\/><\/figure><div class=\"wp-block-media-text__content\">\n<p class=\"has-text-align-center has-text-color has-link-color wp-elements-9ed0976dc1fb278c0bc62d46e557fb55\" style=\"color:#12313c;font-size:40px;font-style:normal;font-weight:800\">Mercedes Clase E<\/p>\n\n\n\n<ul class=\"wp-block-list\">\n<li style=\"font-size:25px\">Hasta 3 pasajeros<\/li>\n<\/ul>\n\n\n\n<ul class=\"wp-block-list\">\n<li style=\"font-size:25px\">Hasta 3 maletas<\/li>\n<\/ul>\n\n\n\n<h3 class=\"wp-block-heading has-text-align-center has-text-color has-link-color wp-elements-95e0ae70ea6cedd2d9bd501e8831bdb0\" style=\"color:#12313c;font-size:30px;font-style:italic;font-weight:700;text-transform:uppercase\">Desde 40 euros<\/h3>\n\n\n\n<div class=\"wp-block-buttons is-content-justification-center is-layout-flex wp-container-core-buttons-is-layout-16018d1d wp-block-buttons-is-layout-flex\">\n<div class=\"wp-block-button has-custom-width wp-block-button__width-75 has-custom-font-size is-style-outline has-medium-font-size is-style-outline--1\"><a class=\"wp-block-button__link has-white-color has-text-color has-background has-link-color has-text-align-center wp-element-button\" href=\"#formulario\" style=\"background-color:#2a7296\">Reserva Ahora<\/a><\/div>\n<\/div>\n<\/div><\/div>\n\n\n\n<hr class=\"wp-block-separator has-alpha-channel-opacity\"\/>\n\n\n\n<div class=\"wp-block-media-text has-media-on-the-right is-stacked-on-mobile is-vertically-aligned-center\"><div class=\"wp-block-media-text__content\">\n<p class=\"has-text-align-center has-text-color has-link-color wp-elements-61232465d99ce52fabf9dae9eaa90fdc\" style=\"color:#12313c;font-size:40px;font-style:normal;font-weight:800\">Mercedes Vito<\/p>\n\n\n\n<ul class=\"wp-block-list\">\n<li style=\"font-size:25px\">Hasta 7 pasajeros<\/li>\n<\/ul>\n\n\n\n<ul class=\"wp-block-list\">\n<li style=\"font-size:25px\">Hasta 8 maletas<\/li>\n<\/ul>\n\n\n\n<h3 class=\"wp-block-heading has-text-align-center has-text-color has-link-color wp-elements-cc05ffbcee6fcbf613a05af1256c0abe\" style=\"color:#12313c;font-size:30px;font-style:italic;font-weight:700;text-transform:uppercase\">Desde 60 euros<\/h3>\n\n\n\n<div class=\"wp-block-buttons is-content-justification-center is-layout-flex wp-container-core-buttons-is-layout-16018d1d wp-block-buttons-is-layout-flex\">\n<div class=\"wp-block-button has-custom-width wp-block-button__width-75 has-custom-font-size is-style-outline has-medium-font-size is-style-outline--2\"><a class=\"wp-block-button__link has-white-color has-text-color has-background has-link-color has-text-align-center wp-element-button\" href=\"#formulario\" style=\"background-color:#2a7296\">Reserva Ahora<\/a><\/div>\n<\/div>\n<\/div><figure class=\"wp-block-media-text__media\"><img decoding=\"async\" src=\"data:image\/gif;base64,R0lGODlhAQABAAAAACH5BAEKAAEALAAAAAABAAEAAAICTAEAOw==\" data-layzr=\"https:\/\/tours.com.pt\/wp-content\/uploads\/2024\/02\/vito-3-1024x768.jpeg\" alt=\"Los traslados con Transporte privado de Walkborder ofrecen comodidad, seguridad y puntualidad en cada viaje. Mercedes Vito\" class=\"wp-image-1289 size-full\"\/><\/figure><\/div>\n\n\n\n<hr class=\"wp-block-separator has-alpha-channel-opacity\"\/>\n\n\n\n<div class=\"wp-block-media-text is-stacked-on-mobile is-vertically-aligned-center\" style=\"grid-template-columns:62% auto\"><figure class=\"wp-block-media-text__media\"><img decoding=\"async\" src=\"data:image\/gif;base64,R0lGODlhAQABAAAAACH5BAEKAAEALAAAAAABAAEAAAICTAEAOw==\" data-layzr=\"https:\/\/tours.com.pt\/wp-content\/uploads\/2024\/02\/Mercedes-Sprinter-1--1024x768.jpeg\" alt=\"Los traslados con Transporte privado de Walkborder ofrecen comodidad, seguridad y puntualidad en cada viaje. Mercedes Sprinter\" class=\"wp-image-1295 size-full\"\/><\/figure><div class=\"wp-block-media-text__content\">\n<p class=\"has-text-align-center has-text-color has-link-color wp-elements-675b9bf5db39b71a3196fb8490939b90\" style=\"color:#12313c;font-size:40px;font-style:normal;font-weight:800\">Mercedes Sprinter<\/p>\n\n\n\n<ul class=\"wp-block-list\">\n<li style=\"font-size:25px\">Hasta 8 passajeros<\/li>\n<\/ul>\n\n\n\n<ul class=\"wp-block-list\">\n<li style=\"font-size:25px\">Hasta 12 maletas<\/li>\n<\/ul>\n\n\n\n<h3 class=\"wp-block-heading has-text-align-center has-text-color has-link-color wp-elements-0ed7a88ebb2baf800f4123011c861cf6\" style=\"color:#12313c;font-size:30px;font-style:italic;font-weight:700;text-transform:uppercase\">DESDE 75 Euros<\/h3>\n\n\n\n<div class=\"wp-block-buttons is-content-justification-center is-layout-flex wp-container-core-buttons-is-layout-16018d1d wp-block-buttons-is-layout-flex\">\n<div class=\"wp-block-button has-custom-width wp-block-button__width-75 has-custom-font-size is-style-outline has-medium-font-size is-style-outline--3\"><a class=\"wp-block-button__link has-white-color has-text-color has-background has-link-color has-text-align-center wp-element-button\" href=\"#formulario\" style=\"background-color:#2a7296\">Reserva Ahora<\/a><\/div>\n<\/div>\n<\/div><\/div>\n\n\n\n<hr class=\"wp-block-separator has-alpha-channel-opacity\"\/>\n\n\n\n<h1 class=\"wp-block-heading\">Traslados de Llegada en Lisboa<\/h1>\n\n\n\n<h3 class=\"wp-block-heading\">S\u00e9 recibido con estilo con Walkborder Tours<\/h3>\n\n\n\n<p>Comienza tu viaje en <a href=\"https:\/\/es.wikipedia.org\/wiki\/Portugal\" target=\"_blank\" rel=\"noopener\" title=\"\">Portugal<\/a> con comodidad y seguridad eligiendo el servicio con transporte privado de llegada de <a href=\"https:\/\/tours.com.pt\/es\/sobre-nosotros\/\" target=\"_blank\" rel=\"noopener\" title=\"\">Walkborder Tours<\/a>.<\/p>\n\n\n\n<p>Deja que nuestro equipo se encargue de los detalles log\u00edsticos, para que tu llegada a Lisboa sea fluida y sin complicaciones.<\/p>\n\n\n\n<h3 class=\"wp-block-heading\">Servicio Personalizado y Eficiente<\/h3>\n\n\n\n<p><a href=\"https:\/\/tours.com.pt\/es\/sobre-nosotros\/\" target=\"_blank\" rel=\"noopener\" title=\"\">Walkborder Tours<\/a> ofrece m\u00e1s que un transporte privado y eficiente; brindamos un toque personalizado adaptado a tus necesidades espec\u00edficas.<\/p>\n\n\n\n<p>Tanto si viajas solo, en pareja, en familia o en grupo, garantizamos un servicio puntual, flexible y adaptado a tu hora de llegada.<\/p>\n\n\n\n<h3 class=\"wp-block-heading\">\u00bfPor qu\u00e9 elegir nuestro servicio de traslado de llegada?<\/h3>\n\n\n\n<ul class=\"wp-block-list\">\n<li><strong>Hospitalidad C\u00e1lida:<\/strong> Disfruta de la c\u00e1lida y profesional bienvenida que define nuestro enfoque.<\/li>\n\n\n\n<li><strong>Conveniencia:<\/strong> Aprovecha la practicidad de nuestro servicio, haciendo que tu llegada sea libre de estr\u00e9s.<\/li>\n\n\n\n<li><strong>Asistencia con el Equipaje:<\/strong> No te preocupes por tu equipaje ni por orientarte despu\u00e9s de un largo vuelo.<\/li>\n\n\n\n<li><strong>Un Comienzo Memorable:<\/strong> Nuestro equipo se dedica a que tu llegada a Lisboa sea el inicio perfecto para tu aventura en <a href=\"https:\/\/es.wikipedia.org\/wiki\/Portugal\" target=\"_blank\" rel=\"noopener\" title=\"\">Portugal<\/a>.<\/li>\n<\/ul>\n\n\n\n<h3 class=\"wp-block-heading\">Reserva tus traslados de llegada<\/h3>\n\n\n\n<div class=\"wp-block-contact-form-7-contact-form-selector\">\n<div class=\"wpcf7 no-js\" id=\"wpcf7-f15676-o1\" lang=\"es-ES\" dir=\"ltr\" data-wpcf7-id=\"15676\">\n<div class=\"screen-reader-response\"><p role=\"status\" aria-live=\"polite\" aria-atomic=\"true\"><\/p> <ul><\/ul><\/div>\n<form action=\"\/es\/wp-json\/wp\/v2\/pages\/15672#wpcf7-f15676-o1\" method=\"post\" class=\"wpcf7-form init\" id=\"formulario\" aria-label=\"Formulario de contacto\" novalidate=\"novalidate\" data-status=\"init\">\n<fieldset class=\"hidden-fields-container\"><input type=\"hidden\" name=\"_wpcf7\" value=\"15676\" \/><input type=\"hidden\" name=\"_wpcf7_version\" value=\"6.1.5\" \/><input type=\"hidden\" name=\"_wpcf7_locale\" value=\"es_ES\" \/><input type=\"hidden\" name=\"_wpcf7_unit_tag\" value=\"wpcf7-f15676-o1\" \/><input type=\"hidden\" name=\"_wpcf7_container_post\" value=\"0\" \/><input type=\"hidden\" name=\"_wpcf7_posted_data_hash\" value=\"\" \/><input type=\"hidden\" name=\"_wpcf7_recaptcha_response\" value=\"\" \/>\n<\/fieldset>\n<div class=\"uacf7-form-wrapper-container uacf7-form-15676  \"><h3>Informaci\u00f3n Necesaria<\/h3>\n<label>Nombre: <span class=\"wpcf7-form-control-wrap\" data-name=\"nombre\"><input size=\"40\" maxlength=\"400\" class=\"wpcf7-form-control wpcf7-text wpcf7-validates-as-required\" aria-required=\"true\" aria-invalid=\"false\" value=\"\" type=\"text\" name=\"nombre\" \/><\/span><\/label>\n<label>Correo Electr\u00f3nico: <span class=\"wpcf7-form-control-wrap\" data-name=\"email\"><input size=\"40\" maxlength=\"400\" class=\"wpcf7-form-control wpcf7-email wpcf7-validates-as-required wpcf7-text wpcf7-validates-as-email\" aria-required=\"true\" aria-invalid=\"false\" value=\"\" type=\"email\" name=\"email\" \/><\/span><\/label>\n<label>Pa\u00eds: [countrytext* Pais placeholder \"Portugal\"]<\/label>\n<label>Contacto: [phonetext* Contacto placeholder numberonly \"Escriba aqu\u00ed su contacto\"]<\/label>\n\n<h3>Informaciones<\/h3>\n<label>N\u00famero de Personas: <span class=\"wpcf7-form-control-wrap\" data-name=\"numero-de-personas\"><select class=\"wpcf7-form-control wpcf7-select wpcf7-validates-as-required\" aria-required=\"true\" aria-invalid=\"false\" name=\"numero-de-personas\"><option value=\"\">&#8212;Por favor, elige una opci\u00f3n&#8212;<\/option><option value=\"1\">1<\/option><option value=\"2\">2<\/option><option value=\"3\">3<\/option><option value=\"4\">4<\/option><option value=\"5\">5<\/option><option value=\"6\">6<\/option><option value=\"7\">7<\/option><option value=\"8\">8<\/option><\/select><\/span><\/label>\n<label>Fecha: <span class=\"wpcf7-form-control-wrap\" data-name=\"fecha\"><input size=\"40\" maxlength=\"400\" class=\"wpcf7-form-control wpcf7-text walcf7-datepicker\" aria-invalid=\"false\" value=\"\" type=\"text\" name=\"fecha\" \/><\/span><\/label>\n<label>Hora: <span class=\"wpcf7-form-control-wrap\" data-name=\"hora\"><input size=\"40\" maxlength=\"400\" class=\"wpcf7-form-control wpcf7-text walcf7-timepicker\" aria-invalid=\"false\" value=\"\" type=\"text\" name=\"hora\" \/><\/span><\/label>\n<label>\u00bfDe d\u00f3nde y hacia d\u00f3nde?: <span class=\"wpcf7-form-control-wrap\" data-name=\"lugares\"><input size=\"40\" maxlength=\"400\" class=\"wpcf7-form-control wpcf7-text\" aria-invalid=\"false\" value=\"\" type=\"text\" name=\"lugares\" \/><\/span><\/label>\n\n<h3>Elija su Veh\u00edculo<\/h3>\n<span class=\"wpcf7-form-control-wrap\" data-name=\"Vehiculo\"><select class=\"wpcf7-form-control wpcf7-select wpcf7-validates-as-required elija-su-vehiculo\" aria-required=\"true\" aria-invalid=\"false\" name=\"Vehiculo\"><option value=\"Sedan\">Sedan<\/option><option value=\"Van\">Van<\/option><option value=\"Mini bus\">Mini bus<\/option><\/select><\/span><\/select>\n\n<h3>Detalles de lo que desea<\/h3>\n<label>Solicitud y detalles: <span class=\"wpcf7-form-control-wrap\" data-name=\"Solicitud\"><textarea cols=\"40\" rows=\"10\" maxlength=\"2000\" class=\"wpcf7-form-control wpcf7-textarea\" aria-invalid=\"false\" name=\"Solicitud\"><\/textarea><\/span><\/label>\n\n<input class=\"wpcf7-form-control wpcf7-submit has-spinner\" type=\"submit\" value=\"Enviar\" \/><\/div><p style=\"display: none !important;\" class=\"akismet-fields-container\" data-prefix=\"_wpcf7_ak_\"><label>&#916;<textarea name=\"_wpcf7_ak_hp_textarea\" cols=\"45\" rows=\"8\" maxlength=\"100\"><\/textarea><\/label><input type=\"hidden\" id=\"ak_js_1\" name=\"_wpcf7_ak_js\" value=\"56\"\/><script>document.getElementById( \"ak_js_1\" ).setAttribute( \"value\", ( new Date() ).getTime() );<\/script><\/p><div class=\"wpcf7-response-output\" aria-hidden=\"true\"><\/div>\n<\/form>\n<\/div>\n<\/div>\n","protected":false},"excerpt":{"rendered":"<p>Descubre la comodidad y eficiencia de nuestros traslados con transporte privado en Lisboa. \u00bfPor qu\u00e9 elegir nuestros traslados? Servicios Ofrecidos \u00a1Reserva tus traslados hoy! Disfruta de lo mejor en comodidad y eficiencia con transporte privado de Walkborder Tours. Reserva tus traslados hoy y viaja con total tranquilidad. Traslados de Llegada en Lisboa S\u00e9 recibido con &hellip; <\/p>\n","protected":false},"author":3,"featured_media":13296,"parent":0,"menu_order":0,"comment_status":"closed","ping_status":"open","template":"","meta":{"_monsterinsights_skip_tracking":false,"_monsterinsights_sitenote_active":false,"_monsterinsights_sitenote_note":"","_monsterinsights_sitenote_category":0,"_uf_show_specific_survey":0,"_uf_disable_surveys":false,"footnotes":""},"class_list":["post-15672","page","type-page","status-publish","has-post-thumbnail","hentry","latest_post"],"aioseo_notices":[],"_links":{"self":[{"href":"https:\/\/tours.com.pt\/es\/wp-json\/wp\/v2\/pages\/15672","targetHints":{"allow":["GET"]}}],"collection":[{"href":"https:\/\/tours.com.pt\/es\/wp-json\/wp\/v2\/pages"}],"about":[{"href":"https:\/\/tours.com.pt\/es\/wp-json\/wp\/v2\/types\/page"}],"author":[{"embeddable":true,"href":"https:\/\/tours.com.pt\/es\/wp-json\/wp\/v2\/users\/3"}],"replies":[{"embeddable":true,"href":"https:\/\/tours.com.pt\/es\/wp-json\/wp\/v2\/comments?post=15672"}],"version-history":[{"count":0,"href":"https:\/\/tours.com.pt\/es\/wp-json\/wp\/v2\/pages\/15672\/revisions"}],"wp:featuredmedia":[{"embeddable":true,"href":"https:\/\/tours.com.pt\/es\/wp-json\/wp\/v2\/media\/13296"}],"wp:attachment":[{"href":"https:\/\/tours.com.pt\/es\/wp-json\/wp\/v2\/media?parent=15672"}],"curies":[{"name":"wp","href":"https:\/\/api.w.org\/{rel}","templated":true}]}}