




{"id":14757,"date":"2024-06-17T16:36:16","date_gmt":"2024-06-17T15:36:16","guid":{"rendered":"https:\/\/tours.com.pt\/faqs\/"},"modified":"2025-01-11T15:49:17","modified_gmt":"2025-01-11T15:49:17","slug":"faqs","status":"publish","type":"page","link":"https:\/\/tours.com.pt\/es\/faqs\/","title":{"rendered":"FAQS"},"content":{"rendered":"\n<div class=\"wp-block-group alignwide\" style=\"margin-top:var(--wp--preset--spacing--100);margin-bottom:var(--wp--preset--spacing--100);padding-right:15px;padding-left:15px\"><div class=\"wp-block-group__inner-container is-layout-constrained wp-container-core-group-is-layout-6fce8813 wp-block-group-is-layout-constrained\">\n<p class=\"has-large-font-size\"><strong><br><strong>Preguntas Frecuentes<\/strong> (FAQs)<\/strong><\/p>\n\n\n\n\n\n\n\n<div class=\"wp-block-group\"><div class=\"wp-block-group__inner-container is-layout-flow wp-block-group-is-layout-flow\">\n<details class=\"wp-block-details has-heading-color has-text-color has-link-color wp-elements-f6a97fa49a7a96ec9123298eb255b11d is-layout-flow wp-block-details-is-layout-flow\" style=\"font-size:25px;font-style:normal;font-weight:500\" open><summary><a href=\"javascript:void(0);\">\u00bfPodr\u00e9 hacer cambios en el tour?<\/a><\/summary>\n<p class=\"has-base-color has-text-color has-link-color has-medium-font-size wp-elements-c98dce067e52644efdab77068ad2da2f\" style=\"font-style:normal;font-weight:600\">S\u00ed, puede, sin costo, siempre que estos cambios no modifiquen el recorrido en tiempo o distancia.<\/p>\n<\/details>\n\n\n\n<hr class=\"wp-block-separator has-text-color has-alpha-channel-opacity has-background is-style-wide\" style=\"background-color:#dddcdf;color:#dddcdf\"\/>\n\n\n\n<details class=\"wp-block-details has-heading-color has-text-color has-link-color wp-elements-3ce792dfcf49abd542962a4690056327 is-layout-flow wp-block-details-is-layout-flow\" style=\"font-size:25px;font-style:normal;font-weight:500\"><summary><a href=\"javascript:void(0);\">\u00bfTengo que pagar por adelantado?<\/a><\/summary>\n<p class=\"has-base-color has-text-color has-link-color has-medium-font-size wp-elements-ce1e258242b09b0c4f654aa52bbd16f5\" style=\"font-style:normal;font-weight:600\">El pago se realizar\u00e1 de la siguiente manera: 20% al hacer la reserva y el resto el d\u00eda del tour. En el caso de tours de varios d\u00edas, el pago final se realizar\u00e1 al final del primer d\u00eda de tour.<\/p>\n<\/details>\n\n\n\n<hr class=\"wp-block-separator has-text-color has-alpha-channel-opacity has-background is-style-wide\" style=\"background-color:#dddcdf;color:#dddcdf\"\/>\n\n\n\n<details class=\"wp-block-details has-heading-color has-text-color has-link-color wp-elements-74f262a43c64164b6a6a8bd8302136e8 is-layout-flow wp-block-details-is-layout-flow\" style=\"font-size:25px;font-style:normal;font-weight:500\"><summary><a href=\"javascript:void(0);\">\u00bfTienen sillas para ni\u00f1os?<\/a><\/summary>\n<p class=\"has-base-color has-text-color has-link-color has-medium-font-size wp-elements-2be0e988bcd426db3c639d4fef0f2918\" style=\"font-style:normal;font-weight:600\"><strong>Tenemos sillas para ni\u00f1os de varias edades.<\/strong><\/p>\n<\/details>\n\n\n\n<hr class=\"wp-block-separator has-text-color has-alpha-channel-opacity has-background is-style-wide\" style=\"background-color:#dddcdf;color:#dddcdf\"\/>\n\n\n\n<details class=\"wp-block-details has-heading-color has-text-color has-link-color wp-elements-f40b6090afdcac9411938e9e7f649a26 is-layout-flow wp-block-details-is-layout-flow\" style=\"font-size:25px;font-style:normal;font-weight:500\"><summary><a href=\"javascript:void(0);\">\u00bfPueden comprarnos las entradas?<\/a><\/summary>\n<p class=\"has-base-color has-text-color has-link-color has-medium-font-size wp-elements-e79866a3c30787b40af0ae2802a716d3\" style=\"font-style:normal;font-weight:600\">Podemos comprar las entradas, sin embargo, esta compra tendr\u00e1 un costo administrativo de 5 euros por entrada y no ser\u00e1 reembolsable.<\/p>\n<\/details>\n\n\n\n<hr class=\"wp-block-separator has-text-color has-alpha-channel-opacity has-background is-style-wide\" style=\"background-color:#dddcdf;color:#dddcdf\"\/>\n\n\n\n<details class=\"wp-block-details has-heading-color has-text-color has-link-color wp-elements-70d3d42c121c5988362020109b49cdd7 is-layout-flow wp-block-details-is-layout-flow\" style=\"font-size:25px;font-style:normal;font-weight:500\"><summary><a href=\"javascript:void(0);\"><\/a><a href=\"javascript:void(0);\">\u00bfNos recogen en nuestro hotel?<\/a><\/summary>\n<p class=\"has-base-color has-text-color has-link-color has-medium-font-size wp-elements-5daf90d7a0603d138364f2bcd6ff871e\" style=\"font-style:normal;font-weight:600\">S\u00ed, el inicio de cada tour ser\u00e1 en su hotel o apartamento.<\/p>\n<\/details>\n\n\n\n<hr class=\"wp-block-separator has-text-color has-alpha-channel-opacity has-background is-style-wide\" style=\"background-color:#dddcdf;color:#dddcdf\"\/>\n\n\n\n<details class=\"wp-block-details has-heading-color has-text-color has-link-color wp-elements-1a4d5ae3dfdc2be05328f2398117be2a is-layout-flow wp-block-details-is-layout-flow\" style=\"font-size:25px;font-style:normal;font-weight:500\"><summary><a href=\"javascript:void(0);\">\u00bfHabr\u00e1 m\u00e1s personas en nuestro tour?<\/a><\/summary>\n<p class=\"has-medium-font-size\"><strong>No, todos nuestros tours son privados.<\/strong><a href=\"javascript:void(0);\"><\/a><\/p>\n<\/details>\n\n\n\n<hr class=\"wp-block-separator has-text-color has-alpha-channel-opacity has-background is-style-wide\" style=\"background-color:#dddcdf;color:#dddcdf\"\/>\n\n\n\n<details class=\"wp-block-details has-heading-color has-text-color has-link-color wp-elements-d7fa20465806815f96881918e96f7e72 is-layout-flow wp-block-details-is-layout-flow\" style=\"font-size:25px;font-style:normal;font-weight:500\"><summary><a href=\"javascript:void(0);\">\u00bfEl gu\u00eda acompa\u00f1a en las visitas?<\/a><\/summary>\n<p class=\"has-base-color has-text-color has-link-color has-medium-font-size wp-elements-f9e4632d79240dddab288915ebfbe903\" style=\"font-style:normal;font-weight:600\">El gu\u00eda acompa\u00f1a en las visitas cuando puede estacionar el veh\u00edculo de manera segura y siempre que no haya pertenencias de los clientes en su interior.<\/p>\n<\/details>\n\n\n\n<hr class=\"wp-block-separator has-text-color has-alpha-channel-opacity has-background is-style-wide\" style=\"background-color:#dddcdf;color:#dddcdf\"\/>\n\n\n\n<details class=\"wp-block-details has-heading-color has-text-color has-link-color wp-elements-5d68f7612d09916248c5dc77c4010ac7 is-layout-flow wp-block-details-is-layout-flow\" style=\"font-size:25px;font-style:normal;font-weight:500\"><summary><a href=\"javascript:void(0);\">\u00bfCu\u00e1l es la duraci\u00f3n del tour?<\/a><\/summary>\n<p class=\"has-base-color has-text-color has-link-color has-medium-font-size wp-elements-13bc254249addcd4666b6a821b4bfa86\" style=\"font-style:normal;font-weight:600\">El tour tiene una duraci\u00f3n aproximada de 8 horas.<\/p>\n\n\n\n<p><br><a href=\"javascript:void(0);\"><\/a><\/p>\n<\/details>\n<\/div><\/div>\n<\/div><\/div>\n\n\n\n<hr class=\"wp-block-separator has-alpha-channel-opacity\"\/>\n\n\n\n<p class=\"has-text-align-center\" style=\"font-size:30px\">Si tiene alguna otra duda, puede <a href=\"https:\/\/tours.com.pt\/es\/contacto\/\" target=\"_blank\" rel=\"noopener\" title=\"\"><strong>contactarnos<\/strong><\/a>!<\/p>\n","protected":false},"excerpt":{"rendered":"<p>Preguntas Frecuentes (FAQs) Si tiene alguna otra duda, puede contactarnos!<\/p>\n","protected":false},"author":3,"featured_media":0,"parent":0,"menu_order":0,"comment_status":"closed","ping_status":"closed","template":"","meta":{"_monsterinsights_skip_tracking":false,"_monsterinsights_sitenote_active":false,"_monsterinsights_sitenote_note":"","_monsterinsights_sitenote_category":0,"footnotes":""},"class_list":["post-14757","page","type-page","status-publish","hentry","latest_post"],"aioseo_notices":[],"_links":{"self":[{"href":"https:\/\/tours.com.pt\/es\/wp-json\/wp\/v2\/pages\/14757","targetHints":{"allow":["GET"]}}],"collection":[{"href":"https:\/\/tours.com.pt\/es\/wp-json\/wp\/v2\/pages"}],"about":[{"href":"https:\/\/tours.com.pt\/es\/wp-json\/wp\/v2\/types\/page"}],"author":[{"embeddable":true,"href":"https:\/\/tours.com.pt\/es\/wp-json\/wp\/v2\/users\/3"}],"replies":[{"embeddable":true,"href":"https:\/\/tours.com.pt\/es\/wp-json\/wp\/v2\/comments?post=14757"}],"version-history":[{"count":0,"href":"https:\/\/tours.com.pt\/es\/wp-json\/wp\/v2\/pages\/14757\/revisions"}],"wp:attachment":[{"href":"https:\/\/tours.com.pt\/es\/wp-json\/wp\/v2\/media?parent=14757"}],"curies":[{"name":"wp","href":"https:\/\/api.w.org\/{rel}","templated":true}]}}