




{"id":20453,"date":"2025-06-04T14:44:58","date_gmt":"2025-06-04T13:44:58","guid":{"rendered":"https:\/\/tours.com.pt\/reserve-aqui\/"},"modified":"2025-06-05T11:33:50","modified_gmt":"2025-06-05T10:33:50","slug":"book-now","status":"publish","type":"page","link":"https:\/\/tours.com.pt\/en\/book-now\/","title":{"rendered":"Book now!"},"content":{"rendered":"<style>html[dir=\"rtl\"] .wpml-language-switcher-block .wpml-ls-dropdown ul li.wp-block-navigation-submenu .wp-block-navigation-submenu__toggle img{margin-left:12px}html[dir=\"rtl\"] .wpml-language-switcher-block .wpml-ls-dropdown ul li.wp-block-navigation-submenu ul.isHorizontal li{text-align:right}html[dir=\"rtl\"] .wpml-language-switcher-block .wpml-ls-dropdown ul li.wp-block-navigation-submenu ul.isHorizontal li a img{margin-left:12px}.wpml-language-switcher-block{display:flex;box-sizing:border-box;width:100% !important}.wpml-language-switcher-block>.wp-block-navigation-item,.wpml-language-switcher-block>.wp-block-navigation-item>div{display:flex;width:100% !important}.wpml-language-switcher-block .wp-block-navigation__container{background:unset !important}.wpml-language-switcher-block .hide-arrow .wp-block-navigation__submenu-icon{display:none}.wpml-language-switcher-block .wpml-ls-dropdown ul li button{padding:0}.wpml-language-switcher-block .wpml-ls-dropdown ul li button+.isHorizontal{min-width:inherit !important}.wpml-language-switcher-block .wpml-ls-dropdown ul li button+.isHorizontal li{width:inherit !important}.wpml-language-switcher-block .wpml-ls-dropdown ul li button+.isHorizontal li a{display:flex;align-items:center;min-width:max-content}.wpml-language-switcher-block .wpml-ls-dropdown ul li.wp-block-navigation-submenu ul.isHorizontal{margin:0;min-width:inherit !important}.wpml-language-switcher-block .wpml-ls-dropdown ul li.wp-block-navigation-submenu ul.isHorizontal li{width:inherit !important;text-align:left}.wpml-language-switcher-block .wpml-ls-dropdown ul li.wp-block-navigation-submenu ul.isHorizontal li a{display:flex;align-items:center;min-width:max-content}.wpml-language-switcher-block ul{list-style-type:none !important;padding:0 !important;width:100%}.wpml-language-switcher-block ul li{margin:0 !important}.wpml-language-switcher-block ul.wp-block-navigation__submenu-container{border:inherit !important;background-color:unset !important;min-width:unset !important}.wpml-language-switcher-block ul.wp-block-navigation__submenu-container .wp-block-navigation-item{border-radius:0 !important}.wpml-language-switcher-block ul.wp-block-navigation__submenu-container .wp-block-navigation-item a{display:flex;align-items:center;min-width:max-content;padding:1px}.wpml-language-switcher-block ul.horizontal-list{display:flex;flex-direction:row;align-items:center;justify-content:flex-start;margin:0 !important;gap:1em !important}.wpml-language-switcher-block ul.horizontal-list li{display:inline-block;margin:0;line-height:100%}.wpml-language-switcher-block ul.horizontal-list li a{line-height:100%}.wpml-language-switcher-block ul.center-justify{justify-content:center}.wpml-language-switcher-block ul.center-justify .wp-block-navigation-item{justify-content:center}.wpml-language-switcher-block ul.right-justify{justify-content:right}.wpml-language-switcher-block ul.right-justify .wp-block-navigation-item{justify-content:right}.wpml-language-switcher-block ul.space_between-justify{justify-content:space-between}.wpml-language-switcher-block ul.space_between-justify li>div{white-space:nowrap}.wpml-language-switcher-block .hasHoverColor:hover{color:var(--hover-color) !important}.wpml-language-switcher-block .hasHoverBackgroundColor:hover{background-color:var(--hover-background-color) !important}.wpml-language-switcher-block ul.isHorizontal{padding-left:0;list-style:none}.wpml-language-switcher-block ul.isHorizontal li{display:inline;margin-left:0}.wpml-language-switcher-block ul.isHorizontal li div{display:inline-block}.wpml-language-switcher-block ul.hasSpacing.isHorizontal li:not(:last-child){margin-right:var(--language-spacing) !important}.wpml-language-switcher-block ul.hasSpacing.isVertical li:not(:last-child){margin-bottom:var(--language-spacing) !important}.wpml-language-switcher-block ul.hasSpacing.isVertical .wp-block-navigation-item>div,.wpml-language-switcher-block ul.hasSpacing.isVertical .wp-block-navigation-item>div>a{display:inline-flex;align-items:center}.wpml-language-switcher-block .hasHoverColor:hover{color:var(--hover-color) !important}.wpml-language-switcher-block .hasHoverBackgroundColor:hover{background-color:var(--hover-background-color) !important}.wpml-language-switcher-block .hasFontSize{font-size:var(--font-size) !important}.wpml-language-switcher-block .hasLetterSpacing{letter-spacing:var(--letter-spacing) !important}.wpml-language-switcher-block .hasTextTransform{text-transform:var(--text-transform) !important}.wpml-language-switcher-block .hasFontFamily{font-family:var(--font-family) !important}.wpml-ls-flag{display:inline-block}.wpml-ls-flag-style-btn{border:0px transparent;padding-top:3px !important}.wpml-ls-flag-style-btn.black-bg{background-color:black}.wpml-ls-flag-style-btn.transparent-bg{background-color:transparent}.wpml-ls-control-row{border:solid 1px #949494;border-radius:2px;margin-bottom:8px}.wpml-ls-control-row-with-padding{padding:1px}.wpml-ls-number-control{max-width:100%;width:100%}.wpml-ls-slider-control-alert{margin-top:5px !important}.wpml-ls-slider .ant-slider-track{background-color:#3858E9}.wpml-ls-slider .ant-slider-handle{border:solid 1px black}.wpml-ls-control-blue{color:#3858E9 !important}.wpml-ls-number-with-unit-select select{color:#3858E9 !important;font-weight:900 !important}.wpml-ls-control-grey{color:#757575}.wpml-ls-control-bg-grey{background-color:#a6a6a6}.wpml-ls-control-font{font-family:\"SF Pro Text\", sans-serif;font-style:normal;font-weight:400 !important;font-size:13px !important;line-height:140% !important}.wpml-ls-option-btn-col{padding:0.5px}.wpml-ls-no-borders{border:none}.ant-col-8.wpml-ls-option-btn-col{display:inline-flex}.wpml-ls-three-btn-row .wpml-ls-option-btn-wrap{white-space:normal;word-break:break-word}.wpml-ls-three-btn-row .ant-btn-no-height-less-padding{height:unset;padding-right:10px;padding-left:10px}.wpml-ls-full-width{width:100%}.wpml-ls-toggle-control .components-form-toggle.is-checked>.components-form-toggle__track{background-color:#3858E9;border-color:#3858E9}.wpml-ls-toggle-control .components-form-toggle.is-checked>.components-form-toggle__thumb{background-color:white}.wpml-ls-toggle-control .components-form-toggle>.components-form-toggle__track{background-color:white;border-color:black}.wpml-ls-toggle-control .components-form-toggle>.components-form-toggle__thumb{background-color:black}.ant-select-dropdown{min-width:45px !important;max-width:45px !important;width:45px !important}.wpml-ls-color-control{border:1px solid #DDDDDD;border-bottom:0px;padding:10px;box-sizing:border-box}.wpml-ls-color-control.wpml-ls-with-bottom-border{border-bottom:1px solid #DDDDDD}.wpml-ls-color-control .wpml-ls-icon-no-color:hover{cursor:pointer}.wpml-ls-color-control .component-color-indicator{width:25px;height:25px;box-shadow:0px 0px 2px 1px lightgrey}.wpml-ls-color-control .component-color-indicator:hover{cursor:pointer}.wpml-ls-color-control .wpml-ls-color-title{top:3px}.wpml-ls-dimension-control{border-top:solid 1px #e0e0e0}.wpml-ls-dimension-control .components-panel__arrow{visibility:hidden}.wpml-ls-panel-settings-dropdown-container{position:absolute;right:0px}.wpml-ls-icon-link{width:24px;height:24px;top:3px;border-radius:2px}.ant-input-number-handler-wrap{display:none !important}.ant-input-number-input{padding-right:0px !important;padding-left:3px !important}.block-editor-contrast-checker+.block-editor-contrast-checker{display:none}.current-language-item{display:flex;align-items:center;min-height:30px}.current-language-item .wp-block-navigation-item__content>div{display:flex;align-items:center}.wpml-ls-fontLetterCase-control button.components-button.has-icon{margin-right:0 !important;min-width:30px !important;height:30px !important}.wpml-ls-fontLetterSpacing-control div.components-input-control__container{top:4px}[data-wpml='language-item']:first-of-type{margin-top:5px !important}.wpml-ls-dimension-panel .components-panel__arrow{display:none}.wpml-ls-typography-panel .components-panel__arrow{display:none}.wpml-ls-panel-settings-dropdown-container>div>button>span.anticon-more{font-size:large;margin-right:10px}.wpml-ls-panel-settings-dropdown-container>div>button>span.anticon-plus{font-size:medium;margin-right:10px}\n\n<\/style><div id=\"\" class=\"wpml-language-switcher-block is-layout-flex is-responsive has-child-selected wp-block-navigation\"><div class=\"block-editor-block-list__block wp-block wp-block-navigation-item has-link has-child wp-block-navigation-submenu\"><div class=\"wpml-ls-dropdown open-on-hover-click \"><ul class=\"wp-block-navigation__container\"><li class=\"wp-block-navigation-item has-child wp-block-navigation-submenu open-on-hover-click\"><div class=\"wp-block-navigation-item__content wp-block-navigation-submenu__toggle\" aria-expanded=\"false\"><span class=\"current-language-item\" style=\"display:flex;cursor:pointer\" data-wpml=\"current-language-item\"><div style=\"display:inline-block\" class=\"wp-block-navigation-item__content\"><div><img decoding=\"async\" alt=\"wpml-ls-flag\" class=\"wpml-ls-flag\" src=\"data:image\/gif;base64,R0lGODlhAQABAAAAACH5BAEKAAEALAAAAAABAAEAAAICTAEAOw==\" data-layzr=\"https:\/\/tours.com.pt\/wp-content\/plugins\/sitepress-multilingual-cms\/res\/flags\/en.svg\" style=\"margin-right:4px;width:18px;height:12px;border-radius:0%;object-fit:unset\" size=\"24\" data-wpml=\"flag-url\"><span data-wpml=\"label\" data-wpml-label-type=\"native\" class=\"wp-block-navigation-item__label \">English<\/span><\/div><\/div><span class=\"wp-block-navigation__submenu-icon\"><svg xmlns=\"http:\/\/www.w3.org\/2000\/svg\" width=\"12\" height=\"12\" viewbox=\"0 0 12 12\" fill=\"none\" aria-hidden=\"true\" focusable=\"false\"><path d=\"M1.50002 4L6.00002 8L10.5 4\" stroke-width=\"1.5\"><\/path><\/svg><\/span><\/span><\/div><ul class=\"wp-block-navigation__submenu-container isHorizontal\" style=\"flex-wrap:nowrap\" data-is-drop-zone=\"true\"><li class=\"wp-block-navigation-item \" data-wpml=\"language-item\"><div><a class=\"wp-block-navigation-item__content\" data-wpml=\"link\" href=\"https:\/\/tours.com.pt\/\"><img decoding=\"async\" alt=\"wpml-ls-flag\" class=\"wpml-ls-flag\" src=\"data:image\/gif;base64,R0lGODlhAQABAAAAACH5BAEKAAEALAAAAAABAAEAAAICTAEAOw==\" data-layzr=\"https:\/\/tours.com.pt\/wp-content\/plugins\/sitepress-multilingual-cms\/res\/flags\/pt-pt.svg\" style=\"margin-right:4px;width:18px;height:12px;border-radius:0%;object-fit:unset\" size=\"24\" data-wpml=\"flag-url\"><span data-wpml=\"label\" data-wpml-label-type=\"native\" class=\"wp-block-navigation-item__label \">Portugu&ecirc;s<\/span><\/a><\/div><\/li><li class=\"wp-block-navigation-item \" data-wpml=\"language-item\"><div><a class=\"wp-block-navigation-item__content\" data-wpml=\"link\" href=\"https:\/\/tours.com.pt\/es\/\"><img decoding=\"async\" alt=\"wpml-ls-flag\" class=\"wpml-ls-flag\" src=\"data:image\/gif;base64,R0lGODlhAQABAAAAACH5BAEKAAEALAAAAAABAAEAAAICTAEAOw==\" data-layzr=\"https:\/\/tours.com.pt\/wp-content\/plugins\/sitepress-multilingual-cms\/res\/flags\/es.svg\" style=\"margin-right:4px;width:18px;height:12px;border-radius:0%;object-fit:unset\" size=\"24\" data-wpml=\"flag-url\"><span data-wpml=\"label\" data-wpml-label-type=\"native\" class=\"wp-block-navigation-item__label \">Espa&ntilde;ol<\/span><\/a><\/div><\/li><\/ul><\/li><\/ul><\/div><\/div><\/div>\n\n\n\n\n\n\n\n\n\n\n\n<hr class=\"wp-block-separator has-alpha-channel-opacity\"\/>\n\n\n\n<div class=\"wp-block-contact-form-7-contact-form-selector\">\n<div class=\"wpcf7 no-js\" id=\"wpcf7-f20457-o1\" lang=\"en-US\" dir=\"ltr\" data-wpcf7-id=\"20457\">\n<div class=\"screen-reader-response\"><p role=\"status\" aria-live=\"polite\" aria-atomic=\"true\"><\/p> <ul><\/ul><\/div>\n<form action=\"\/en\/wp-json\/wp\/v2\/pages\/20453#wpcf7-f20457-o1\" method=\"post\" class=\"wpcf7-form init\" aria-label=\"Contact form\" novalidate=\"novalidate\" data-status=\"init\">\n<fieldset class=\"hidden-fields-container\"><input type=\"hidden\" name=\"_wpcf7\" value=\"20457\" \/><input type=\"hidden\" name=\"_wpcf7_version\" value=\"6.1.5\" \/><input type=\"hidden\" name=\"_wpcf7_locale\" value=\"en_US\" \/><input type=\"hidden\" name=\"_wpcf7_unit_tag\" value=\"wpcf7-f20457-o1\" \/><input type=\"hidden\" name=\"_wpcf7_container_post\" value=\"0\" \/><input type=\"hidden\" name=\"_wpcf7_posted_data_hash\" value=\"\" \/><input type=\"hidden\" name=\"_wpcf7_recaptcha_response\" value=\"\" \/>\n<\/fieldset>\n<div class=\"uacf7-form-wrapper-container uacf7-form-20457  \"><h3>Fill out this form to book<\/h3>\n<p><strong>Personal Information<\/strong><\/p>\n\n<label>Name<br \/>\n<span class=\"wpcf7-form-control-wrap\" data-name=\"nome\"><input size=\"40\" maxlength=\"400\" class=\"wpcf7-form-control wpcf7-text wpcf7-validates-as-required\" aria-required=\"true\" aria-invalid=\"false\" value=\"\" type=\"text\" name=\"nome\" \/><\/span> <\/label>\n\n<label>Email<br \/>\n<span class=\"wpcf7-form-control-wrap\" data-name=\"email\"><input size=\"40\" maxlength=\"400\" class=\"wpcf7-form-control wpcf7-email wpcf7-validates-as-required wpcf7-text wpcf7-validates-as-email\" aria-required=\"true\" aria-invalid=\"false\" value=\"\" type=\"email\" name=\"email\" \/><\/span> <\/label>\n\n<label>Country: [countrytext* Pais placeholder \"--------------Select your country--------------\"]<\/label>\n\n<label>Phone: [phonetext* Contacto placeholder \"--------------Enter your phone number--------------\"]<\/label>\n\n<label>Date: <span class=\"wpcf7-form-control-wrap\" data-name=\"data\"><input size=\"40\" maxlength=\"400\" class=\"wpcf7-form-control wpcf7-text walcf7-datepicker\" aria-invalid=\"false\" value=\"\" type=\"text\" name=\"data\" \/><\/span><\/label>\n\n<h3>Which tour are you booking?<\/h3>\n\n<label>Select your tour<br \/>\n<span class=\"wpcf7-form-control-wrap\" data-name=\"passeio\"><select class=\"wpcf7-form-control wpcf7-select wpcf7-validates-as-required\" aria-required=\"true\" aria-invalid=\"false\" name=\"passeio\"><option value=\"\">&#8212;Please choose an option&#8212;<\/option><option value=\"Lisbon to Porto Transfer with Guided Visits\">Lisbon to Porto Transfer with Guided Visits<\/option><option value=\"Porto to Lisbon Transfer with Guided Visits\">Porto to Lisbon Transfer with Guided Visits<\/option><option value=\"Lisbon Tour: Uncover Secrets and Live Epic Moments\">Lisbon Tour: Uncover Secrets and Live Epic Moments<\/option><option value=\"4-Hour Lisbon Highlights Tour\">4-Hour Lisbon Highlights Tour<\/option><option value=\"Lisbon &amp; \u00d3bidos Tour: History and Medieval Charm\">Lisbon &amp; \u00d3bidos Tour: History and Medieval Charm<\/option><option value=\"Sintra, Cascais and Estoril Tour: Lisbon Coast Wonders\">Sintra, Cascais and Estoril Tour: Lisbon Coast Wonders<\/option><option value=\"4-Hour Sintra Tour: History and Beauty\">4-Hour Sintra Tour: History and Beauty<\/option><option value=\"Lisbon &amp; Sintra Tour: Discover the Best of Both\">Lisbon &amp; Sintra Tour: Discover the Best of Both<\/option><option value=\"\u00d3bidos &amp; Sintra Tour: Historical Beauty\">\u00d3bidos &amp; Sintra Tour: Historical Beauty<\/option><option value=\"F\u00e1tima &amp; Sintra Tour: Spirituality and History\">F\u00e1tima &amp; Sintra Tour: Spirituality and History<\/option><option value=\"F\u00e1tima &amp; Coimbra Tour: Religion and Culture\">F\u00e1tima &amp; Coimbra Tour: Religion and Culture<\/option><option value=\"F\u00e1tima, Batalha, Nazar\u00e9 &amp; \u00d3bidos Tour\">F\u00e1tima, Batalha, Nazar\u00e9 &amp; \u00d3bidos Tour<\/option><option value=\"F\u00e1tima in 5 Hours: A Spiritual Journey\">F\u00e1tima in 5 Hours: A Spiritual Journey<\/option><option value=\"F\u00e1tima &amp; \u00d3bidos Tour: History and Spirituality\">F\u00e1tima &amp; \u00d3bidos Tour: History and Spirituality<\/option><option value=\"Templar Tour: Knights and History in Portugal\">Templar Tour: Knights and History in Portugal<\/option><option value=\"\u00c9vora Tour: Tradition and History in the Alentejo\">\u00c9vora Tour: Tradition and History in the Alentejo<\/option><option value=\"Sesimbra, Azeit\u00e3o &amp; Set\u00fabal Tour\">Sesimbra, Azeit\u00e3o &amp; Set\u00fabal Tour<\/option><option value=\"Coimbra &amp; Porto Tour: Portugal\u2019s History and Culture\">Coimbra &amp; Porto Tour: Portugal\u2019s History and Culture<\/option><option value=\"Coimbra &amp; Aveiro Tour: Culture, Canals, Amazing Views!\">Coimbra &amp; Aveiro Tour: Culture, Canals, Amazing Views!<\/option><option value=\"Serra da Estrela Tour: Snow, Cheese and Adventure!\">Serra da Estrela Tour: Snow, Cheese and Adventure!<\/option><option value=\"Porto Tour: History, Culture and Unforgettable Flavors\">Porto Tour: History, Culture and Unforgettable Flavors<\/option><option value=\"4-Hour Porto Tour: Half-Day Highlights\">4-Hour Porto Tour: Half-Day Highlights<\/option><option value=\"Porto by Night: Evening Magic Tour\">Porto by Night: Evening Magic Tour<\/option><option value=\"Douro Valley Tour: Wine, Scenery and Tradition\">Douro Valley Tour: Wine, Scenery and Tradition<\/option><option value=\"Braga &amp; Guimar\u00e3es Tour: A Day of History and Heritage\">Braga &amp; Guimar\u00e3es Tour: A Day of History and Heritage<\/option><option value=\"Peneda-Ger\u00eas Park Tour: Nature and Adventure\">Peneda-Ger\u00eas Park Tour: Nature and Adventure<\/option><option value=\"Aveiro &amp; Coimbra Tour: Tradition and Natural Beauty\">Aveiro &amp; Coimbra Tour: Tradition and Natural Beauty<\/option><option value=\"Coimbra &amp; F\u00e1tima Tour: History, Culture and Spirituality\">Coimbra &amp; F\u00e1tima Tour: History, Culture and Spirituality<\/option><option value=\"F\u00e1tima &amp; Tomar Tour: Portuguese History and Faith\">F\u00e1tima &amp; Tomar Tour: Portuguese History and Faith<\/option><option value=\"Viana do Castelo, Ponte de Lima &amp; Barcelos Tour\">Viana do Castelo, Ponte de Lima &amp; Barcelos Tour<\/option><option value=\"Alvarinho Wine Tour: Taste and Tradition in Minho\">Alvarinho Wine Tour: Taste and Tradition in Minho<\/option><option value=\"Santiago de Compostela Tour: From Porto\">Santiago de Compostela Tour: From Porto<\/option><option value=\"Tomar &amp; Coimbra Tour: Culture and Heritage\">Tomar &amp; Coimbra Tour: Culture and Heritage<\/option><option value=\"Lisbon Outlet Tour: Shop and Explore\">Lisbon Outlet Tour: Shop and Explore<\/option><option value=\"Algarve Tour from Lisbon: Discover Southern Portugal\">Algarve Tour from Lisbon: Discover Southern Portugal<\/option><option value=\"Portugal &amp; Spain Route: Discover Both Countries\">Portugal &amp; Spain Route: Discover Both Countries<\/option><option value=\"14-Day Portugal Itinerary: The Best of North to South\">14-Day Portugal Itinerary: The Best of North to South<\/option><option value=\"12-Day Portugal Journey: History, Culture &amp; Landscapes\">12-Day Portugal Journey: History, Culture &amp; Landscapes<\/option><option value=\"10-Day Portugal Tour: Adventure and Discovery\">10-Day Portugal Tour: Adventure and Discovery<\/option><option value=\"Amazing 9-Day Portugal Tour: Discover the Country\">Amazing 9-Day Portugal Tour: Discover the Country<\/option><option value=\"8-Day Portugal Tour: Culture, History &amp; Flavor\">8-Day Portugal Tour: Culture, History &amp; Flavor<\/option><option value=\"7-Day Portugal Itinerary: A Week in Portugal\">7-Day Portugal Itinerary: A Week in Portugal<\/option><option value=\"6-Day Portugal Tour: From Porto to Lisbon\">6-Day Portugal Tour: From Porto to Lisbon<\/option><option value=\"5-Day Portugal Itinerary: Culture, Nature &amp; Food\">5-Day Portugal Itinerary: Culture, Nature &amp; Food<\/option><option value=\"3 Days in Porto: Northern Highlights\">3 Days in Porto: Northern Highlights<\/option><option value=\"3 Days in Porto from and back to Lisbon\">3 Days in Porto from and back to Lisbon<\/option><option value=\"Amazing 2 Days in Porto from and to Lisbon\">Amazing 2 Days in Porto from and to Lisbon<\/option><option value=\"3 Days in Lisbon: History, Fado &amp; Pastries!\">3 Days in Lisbon: History, Fado &amp; Pastries!<\/option><option value=\"2 Days in Lisbon &amp; Sintra: History and Joy!\">2 Days in Lisbon &amp; Sintra: History and Joy!<\/option><option value=\"2 Days in Porto: Wine, History &amp; Charm\">2 Days in Porto: Wine, History &amp; Charm<\/option><option value=\"2 Days in the Algarve: Sun, Sea &amp; Sand\">2 Days in the Algarve: Sun, Sea &amp; Sand<\/option><option value=\"Jewish Heritage Tour in Portugal: Faith, History &amp; Culture\">Jewish Heritage Tour in Portugal: Faith, History &amp; Culture<\/option><option value=\"5 Days through Portugal\u2019s Historical Villages\">5 Days through Portugal\u2019s Historical Villages<\/option><option value=\"3 Days in the Alentejo: Culture &amp; Amazing Food\">3 Days in the Alentejo: Culture &amp; Amazing Food<\/option><option value=\"3 Days in the Algarve: From Lisbon to the South\">3 Days in the Algarve: From Lisbon to the South<\/option><\/select><\/span>\n<\/label>\n\n<label>Number of People: <span class=\"wpcf7-form-control-wrap\" data-name=\"numero-de-pessoas\"><select class=\"wpcf7-form-control wpcf7-select wpcf7-validates-as-required\" aria-required=\"true\" aria-invalid=\"false\" name=\"numero-de-pessoas\"><option value=\"\">&#8212;Please choose an option&#8212;<\/option><option value=\"1\">1<\/option><option value=\"2\">2<\/option><option value=\"3\">3<\/option><option value=\"4\">4<\/option><option value=\"5\">5<\/option><option value=\"6\">6<\/option><option value=\"7\">7<\/option><option value=\"8\">8<\/option><\/select><\/span><\/label>\n\n<h3>Meeting Point<\/h3>\n\n<label>Select your meeting point<br \/>\n<span class=\"wpcf7-form-control-wrap\" data-name=\"ponto-de-encontro\"><select class=\"wpcf7-form-control wpcf7-select wpcf7-validates-as-required\" aria-required=\"true\" aria-invalid=\"false\" name=\"ponto-de-encontro\"><option value=\"\">&#8212;Please choose an option&#8212;<\/option><option value=\"Hotel\">Hotel<\/option><option value=\"Airport\">Airport<\/option><option value=\"Cruise Terminal\">Cruise Terminal<\/option><option value=\"Other\">Other<\/option><\/select><\/span>\n<\/label>\n\n<label>Provide details about the meeting point<br \/>\n<span class=\"wpcf7-form-control-wrap\" data-name=\"detalhes-ponto\"><textarea cols=\"40\" rows=\"10\" maxlength=\"2000\" class=\"wpcf7-form-control wpcf7-textarea\" aria-invalid=\"false\" placeholder=\"Please provide the name of the hotel, flight number, terminal or other specific location...\" name=\"detalhes-ponto\"><\/textarea><\/span>\n<\/label>\n\n<label>Comments: <span class=\"wpcf7-form-control-wrap\" data-name=\"Pedido-e-detalhes\"><textarea cols=\"40\" rows=\"10\" maxlength=\"2000\" class=\"wpcf7-form-control wpcf7-textarea\" aria-invalid=\"false\" placeholder=\"Share any extra details you\u2019d like us to know (e.g., names, schedules, special needs...)\" name=\"Pedido-e-detalhes\"><\/textarea><\/span><\/label>\n\n<p><input class=\"wpcf7-form-control wpcf7-submit has-spinner\" type=\"submit\" value=\"Send Booking\" \/><\/p><\/div><p style=\"display: none !important;\" class=\"akismet-fields-container\" data-prefix=\"_wpcf7_ak_\"><label>&#916;<textarea name=\"_wpcf7_ak_hp_textarea\" cols=\"45\" rows=\"8\" maxlength=\"100\"><\/textarea><\/label><input type=\"hidden\" id=\"ak_js_1\" name=\"_wpcf7_ak_js\" value=\"175\"\/><script>document.getElementById( \"ak_js_1\" ).setAttribute( \"value\", ( new Date() ).getTime() );<\/script><\/p><div class=\"wpcf7-response-output\" aria-hidden=\"true\"><\/div>\n<\/form>\n<\/div>\n<\/div>\n","protected":false},"excerpt":{"rendered":"","protected":false},"author":2,"featured_media":0,"parent":0,"menu_order":0,"comment_status":"closed","ping_status":"closed","template":"","meta":{"_monsterinsights_skip_tracking":false,"_monsterinsights_sitenote_active":false,"_monsterinsights_sitenote_note":"","_monsterinsights_sitenote_category":0,"_uf_show_specific_survey":0,"_uf_disable_surveys":false,"footnotes":""},"class_list":["post-20453","page","type-page","status-publish","hentry","latest_post"],"aioseo_notices":[],"_links":{"self":[{"href":"https:\/\/tours.com.pt\/en\/wp-json\/wp\/v2\/pages\/20453","targetHints":{"allow":["GET"]}}],"collection":[{"href":"https:\/\/tours.com.pt\/en\/wp-json\/wp\/v2\/pages"}],"about":[{"href":"https:\/\/tours.com.pt\/en\/wp-json\/wp\/v2\/types\/page"}],"author":[{"embeddable":true,"href":"https:\/\/tours.com.pt\/en\/wp-json\/wp\/v2\/users\/2"}],"replies":[{"embeddable":true,"href":"https:\/\/tours.com.pt\/en\/wp-json\/wp\/v2\/comments?post=20453"}],"version-history":[{"count":0,"href":"https:\/\/tours.com.pt\/en\/wp-json\/wp\/v2\/pages\/20453\/revisions"}],"wp:attachment":[{"href":"https:\/\/tours.com.pt\/en\/wp-json\/wp\/v2\/media?parent=20453"}],"curies":[{"name":"wp","href":"https:\/\/api.w.org\/{rel}","templated":true}]}}