




{"id":14630,"date":"2024-06-17T18:09:59","date_gmt":"2024-06-17T17:09:59","guid":{"rendered":"https:\/\/tours.com.pt\/sugestoes-de-hoteis-em-portugal\/"},"modified":"2025-07-10T18:06:20","modified_gmt":"2025-07-10T17:06:20","slug":"hotels","status":"publish","type":"page","link":"https:\/\/tours.com.pt\/en\/hotels\/","title":{"rendered":"Hotels"},"content":{"rendered":"\n<p class=\"has-text-align-center\" style=\"font-size:30px\"><strong>Hotels Suggestions in Portugal<\/strong><\/p>\n\n\n\n<div class=\"wp-block-columns is-layout-flex wp-container-core-columns-is-layout-9d6595d7 wp-block-columns-is-layout-flex\">\n<div class=\"wp-block-column is-layout-flow wp-block-column-is-layout-flow\">\n<figure class=\"wp-block-image size-full is-resized\"><a class=\"https:\/\/tours.com.pt\/sugestoes-de-hoteis-lisboa\/\" href=\"https:\/\/tours.com.pt\/en\/hotel-suggestions-in-lisbon\/\" target=\"_blank\" rel=\"https:\/\/tours.com.pt\/en\/hotel-suggestions-in-lisbon\/\"><img decoding=\"async\" src=\"data:image\/gif;base64,R0lGODlhAQABAAAAACH5BAEKAAEALAAAAAABAAEAAAICTAEAOw==\" data-layzr=\"https:\/\/tours.com.pt\/wp-content\/uploads\/2024\/06\/hf-fenix-lisboa.jpg\" alt=\"Hotels\" class=\"wp-image-13611\" style=\"aspect-ratio:1.203125;object-fit:cover;width:385px;height:auto\"\/><\/a><\/figure>\n\n\n\n<p class=\"has-text-align-center has-text-color has-link-color wp-elements-4b6934edc68a692ad847fd0d25aa4a51\" style=\"color:#2a7297;font-size:30px\"><strong><a href=\"https:\/\/tours.com.pt\/en\/hotel-suggestions-in-lisbon\/\" target=\"_blank\" rel=\"noopener\" title=\"\">Lisbon<\/a><\/strong><\/p>\n<\/div>\n\n\n\n<div class=\"wp-block-column is-layout-flow wp-block-column-is-layout-flow\">\n<figure class=\"wp-block-image size-full is-resized\"><a class=\"https:\/\/tours.com.pt\/sugestoes-de-hoteis-lisboa\/\" href=\"https:\/\/tours.com.pt\/en\/hotel-suggestions-in-porto\/\" target=\"_blank\" rel=\"https:\/\/tours.com.pt\/sugestoes-de-hoteis-lisboa\/ noreferrer noopener\"><img decoding=\"async\" src=\"data:image\/gif;base64,R0lGODlhAQABAAAAACH5BAEKAAEALAAAAAABAAEAAAICTAEAOw==\" data-layzr=\"https:\/\/tours.com.pt\/wp-content\/uploads\/2024\/06\/374534624.jpg\" alt=\"\" class=\"wp-image-13617\" style=\"object-fit:cover;width:385px;height:320px\"\/><\/a><\/figure>\n\n\n\n<p class=\"has-text-align-center has-text-color has-link-color wp-elements-c61c35ae43acb73a9ec6d30d9f33f432\" style=\"color:#2a7297;font-size:30px\"><strong><a href=\"https:\/\/tours.com.pt\/en\/hotel-suggestions-in-porto\/\" target=\"_blank\" rel=\"noopener\" title=\"\">Oporto<\/a><\/strong><\/p>\n<\/div>\n\n\n\n<div class=\"wp-block-column is-layout-flow wp-block-column-is-layout-flow\">\n<figure class=\"wp-block-image size-large is-resized\"><a href=\"https:\/\/tours.com.pt\/en\/hotel-suggestions-in-coimbra\/\" target=\"_blank\" rel=\" noreferrer noopener\"><img decoding=\"async\" src=\"data:image\/gif;base64,R0lGODlhAQABAAAAACH5BAEKAAEALAAAAAABAAEAAAICTAEAOw==\" data-layzr=\"https:\/\/tours.com.pt\/wp-content\/uploads\/2024\/06\/hotel-coimbra-aeminium-1024x683.jpg\" alt=\"\" class=\"wp-image-13621\" style=\"object-fit:cover;width:385px;height:320px\"\/><\/a><\/figure>\n\n\n\n<p class=\"has-text-align-center\" style=\"font-size:30px\"><strong><a href=\"https:\/\/tours.com.pt\/en\/hotel-suggestions-in-coimbra\/\" target=\"_blank\" rel=\"noopener\" title=\"\">Coimbra<\/a><\/strong><\/p>\n<\/div>\n<\/div>\n\n\n\n<div class=\"wp-block-columns is-layout-flex wp-container-core-columns-is-layout-9d6595d7 wp-block-columns-is-layout-flex\">\n<div class=\"wp-block-column is-layout-flow wp-block-column-is-layout-flow\">\n<figure class=\"wp-block-image size-full is-resized\"><a class=\"https:\/\/tours.com.pt\/sugestoes-de-hoteis-lisboa\/\" href=\"https:\/\/tours.com.pt\/en\/hotel-suggestions-in-albufeira\/\" target=\"_blank\" rel=\"https:\/\/tours.com.pt\/sugestoes-de-hoteis-lisboa\/ noopener\"><img decoding=\"async\" src=\"data:image\/gif;base64,R0lGODlhAQABAAAAACH5BAEKAAEALAAAAAABAAEAAAICTAEAOw==\" data-layzr=\"https:\/\/tours.com.pt\/wp-content\/uploads\/2024\/06\/piscina-pool.jpg\" alt=\"Hotels Suggestions in Portugal\" class=\"wp-image-13636\" style=\"object-fit:cover;width:385px;height:320px\"\/><\/a><\/figure>\n\n\n\n<p class=\"has-text-align-center has-text-color has-link-color wp-elements-a4e07534efa49d02d80a82c32ac1bfc2\" style=\"color:#2a7297;font-size:30px\"><strong><a href=\"https:\/\/tours.com.pt\/en\/hotel-suggestions-in-albufeira\/\" target=\"_blank\" rel=\"noopener\" title=\"\">Albufeira (Algarve<\/a>)<\/strong><\/p>\n<\/div>\n\n\n\n<div class=\"wp-block-column is-layout-flow wp-block-column-is-layout-flow\">\n<figure class=\"wp-block-image size-full is-resized\"><a class=\"https:\/\/tours.com.pt\/sugestoes-de-hoteis-lisboa\/\" href=\"https:\/\/tours.com.pt\/en\/hotel-suggestions-in-evora\/\" target=\"_blank\" rel=\"https:\/\/tours.com.pt\/sugestoes-de-hoteis-lisboa\/ noreferrer noopener\"><img decoding=\"async\" src=\"data:image\/gif;base64,R0lGODlhAQABAAAAACH5BAEKAAEALAAAAAABAAEAAAICTAEAOw==\" data-layzr=\"https:\/\/tours.com.pt\/wp-content\/uploads\/2024\/06\/198597.jpg\" alt=\"\" class=\"wp-image-13639\" style=\"object-fit:cover;width:385px;height:320px\"\/><\/a><\/figure>\n\n\n\n<p class=\"has-text-align-center has-text-color has-link-color wp-elements-f8094ed7bc7e653a0de794425f1d94d0\" style=\"color:#2a7297;font-size:30px\"><strong><a href=\"https:\/\/tours.com.pt\/en\/hotel-suggestions-in-evora\/\" target=\"_blank\" rel=\"noopener\" title=\"\u00c9vora\">\u00c9vora<\/a><\/strong><\/p>\n<\/div>\n\n\n\n<div class=\"wp-block-column is-layout-flow wp-block-column-is-layout-flow\">\n<figure class=\"wp-block-image size-large is-resized\"><a class=\"https:\/\/tours.com.pt\/sugestoes-de-hoteis-lisboa\/\" href=\"https:\/\/tours.com.pt\/en\/hotel-suggestions-in-the-douro-valley\/\" target=\"_blank\" rel=\"https:\/\/tours.com.pt\/sugestoes-de-hoteis-lisboa\/ noopener\"><img decoding=\"async\" src=\"data:image\/gif;base64,R0lGODlhAQABAAAAACH5BAEKAAEALAAAAAABAAEAAAICTAEAOw==\" data-layzr=\"https:\/\/tours.com.pt\/wp-content\/uploads\/2024\/06\/Lamego-Hotel-Life-Exterior-1024x683.jpeg\" alt=\"\" class=\"wp-image-13642\" style=\"object-fit:cover;width:385px;height:320px\"\/><\/a><\/figure>\n\n\n\n<p class=\"has-text-align-center has-text-color has-link-color wp-elements-8b4ec072289fa3474029b8a573a3a367\" style=\"color:#2a7297;font-size:30px\"><strong><a href=\"https:\/\/tours.com.pt\/en\/hotel-suggestions-in-the-douro-valley\/\" target=\"_blank\" rel=\"noopener\" title=\"Douro Valley\">Douro Valle<\/a>y<\/strong><\/p>\n<\/div>\n<\/div>\n\n\n\n<div class=\"wp-block-columns is-layout-flex wp-container-core-columns-is-layout-9d6595d7 wp-block-columns-is-layout-flex\">\n<div class=\"wp-block-column is-layout-flow wp-block-column-is-layout-flow\">\n<figure class=\"wp-block-image size-full is-resized\"><a class=\"https:\/\/tours.com.pt\/sugestoes-de-hoteis-lisboa\/\" href=\"https:\/\/tours.com.pt\/en\/hotel-suggestions-in-monsanto\/\" target=\"_blank\" rel=\"https:\/\/tours.com.pt\/sugestoes-de-hoteis-lisboa\/ noopener\"><img decoding=\"async\" src=\"data:image\/gif;base64,R0lGODlhAQABAAAAACH5BAEKAAEALAAAAAABAAEAAAICTAEAOw==\" data-layzr=\"https:\/\/tours.com.pt\/wp-content\/uploads\/2024\/06\/60045065.jpg\" alt=\"\" class=\"wp-image-13645\" style=\"aspect-ratio:1.203125;object-fit:cover;width:385px;height:auto\"\/><\/a><\/figure>\n\n\n\n<p class=\"has-text-align-center has-text-color has-link-color wp-elements-9c11559ce404f73b9563b8ce2db3af38\" style=\"color:#2a7297;font-size:30px\"><strong><a href=\"https:\/\/tours.com.pt\/en\/hotel-suggestions-in-monsanto\/\" target=\"_blank\" rel=\"noopener\" title=\"\">Monsanto<\/a><\/strong><\/p>\n<\/div>\n\n\n\n<div class=\"wp-block-column is-layout-flow wp-block-column-is-layout-flow\">\n<figure class=\"wp-block-image size-full is-resized\"><a class=\"https:\/\/tours.com.pt\/sugestoes-de-hoteis-lisboa\/\" href=\"https:\/\/tours.com.pt\/en\/hotel-suggestions-in-marvao\/\" target=\"_blank\" rel=\"https:\/\/tours.com.pt\/sugestoes-de-hoteis-lisboa\/ noreferrer noopener\"><img decoding=\"async\" src=\"data:image\/gif;base64,R0lGODlhAQABAAAAACH5BAEKAAEALAAAAAABAAEAAAICTAEAOw==\" data-layzr=\"https:\/\/tours.com.pt\/wp-content\/uploads\/2024\/06\/marvao-restaurant_5677227855cefc18763728.jpg\" alt=\"\" class=\"wp-image-13648\" style=\"object-fit:cover;width:385px;height:320px\"\/><\/a><\/figure>\n\n\n\n<p class=\"has-text-align-center has-text-color has-link-color wp-elements-96774c0240e94b2318ed7d18841e90b4\" style=\"color:#2a7297;font-size:30px\"><strong><a href=\"https:\/\/tours.com.pt\/en\/hotel-suggestions-in-marvao\/\" target=\"_blank\" rel=\"noopener\" title=\"\">Marv\u00e3o<\/a><\/strong><\/p>\n<\/div>\n\n\n\n<div class=\"wp-block-column is-layout-flow wp-block-column-is-layout-flow\">\n<figure class=\"wp-block-image size-large is-resized\"><a href=\"https:\/\/tours.com.pt\/en\/suggestions-for-hotels-in-fatima\/\" target=\"_blank\" rel=\" noreferrer noopener\"><img decoding=\"async\" src=\"data:image\/gif;base64,R0lGODlhAQABAAAAACH5BAEKAAEALAAAAAABAAEAAAICTAEAOw==\" data-layzr=\"https:\/\/tours.com.pt\/wp-content\/uploads\/2024\/06\/expediav2-326412-356309-128821-1024x576.jpg\" alt=\"\" class=\"wp-image-13651\" style=\"object-fit:cover;width:385px;height:320px\"\/><\/a><\/figure>\n\n\n\n<p class=\"has-text-align-center has-text-color has-link-color wp-elements-6bd60e540d52eaa62388a85b6f375d63\" style=\"color:#2a7297;font-size:30px\"><strong><a href=\"https:\/\/tours.com.pt\/en\/suggestions-for-hotels-in-fatima\/\" target=\"_blank\" rel=\"noopener\" title=\"\">F\u00e1tima<\/a><\/strong><\/p>\n<\/div>\n<\/div>\n\n\n\n<div class=\"wp-block-columns is-layout-flex wp-container-core-columns-is-layout-9d6595d7 wp-block-columns-is-layout-flex\">\n<div class=\"wp-block-column is-layout-flow wp-block-column-is-layout-flow\">\n<figure class=\"wp-block-image size-full is-resized\"><a class=\"https:\/\/tours.com.pt\/sugestoes-de-hoteis-lisboa\/\" href=\"https:\/\/tours.com.pt\/en\/hotel-suggestions-in-funchal-madeira\/\" target=\"_blank\" rel=\"https:\/\/tours.com.pt\/sugestoes-de-hoteis-lisboa\/ noopener\"><img decoding=\"async\" src=\"data:image\/gif;base64,R0lGODlhAQABAAAAACH5BAEKAAEALAAAAAABAAEAAAICTAEAOw==\" data-layzr=\"https:\/\/tours.com.pt\/wp-content\/uploads\/2024\/11\/Sugestoes-de-Hoteis-em-Funchal-Madeira11-1.jpg\" alt=\"\" class=\"wp-image-17138\" style=\"aspect-ratio:1.203125;object-fit:cover;width:385px;height:auto\"\/><\/a><\/figure>\n\n\n\n<p class=\"has-text-align-center has-text-color has-link-color wp-elements-1f329ce8511aa92874f23fc04cee6965\" style=\"color:#2a7297;font-size:30px\"><strong><a href=\"https:\/\/tours.com.pt\/en\/hotel-suggestions-in-funchal-madeira\/\" target=\"_blank\" rel=\"noopener\" title=\"\">Madeira<\/a><\/strong><\/p>\n<\/div>\n\n\n\n<div class=\"wp-block-column is-layout-flow wp-block-column-is-layout-flow\">\n<figure class=\"wp-block-image size-full is-resized\"><a class=\"https:\/\/tours.com.pt\/sugestoes-de-hoteis-lisboa\/\" href=\"https:\/\/tours.com.pt\/en\/hotel-suggestions-in-ponta-delgada-azores\/\" target=\"_blank\" rel=\"https:\/\/tours.com.pt\/sugestoes-de-hoteis-lisboa\/ noreferrer noopener\"><img decoding=\"async\" src=\"data:image\/gif;base64,R0lGODlhAQABAAAAACH5BAEKAAEALAAAAAABAAEAAAICTAEAOw==\" data-layzr=\"https:\/\/tours.com.pt\/wp-content\/uploads\/2024\/11\/Licores-Acores.jpg\" alt=\"\" class=\"wp-image-17371\" style=\"object-fit:cover;width:385px;height:320px\"\/><\/a><\/figure>\n\n\n\n<p class=\"has-text-align-center has-text-color has-link-color wp-elements-1fcbe28446a7de5e8fc0b8251780184d\" style=\"color:#2a7297;font-size:30px\"><strong><a href=\"https:\/\/tours.com.pt\/en\/hotel-suggestions-in-ponta-delgada-azores\/\" target=\"_blank\" rel=\"noopener\" title=\"\">Azores<\/a><\/strong><\/p>\n<\/div>\n\n\n\n<div class=\"wp-block-column is-layout-flow wp-block-column-is-layout-flow\">\n<figure class=\"wp-block-image size-full is-resized\"><a href=\"https:\/\/tours.com.pt\/en\/hotel-suggestions-in-serra-da-estrela\/\" target=\"_blank\" rel=\" noreferrer noopener\"><img decoding=\"async\" src=\"data:image\/gif;base64,R0lGODlhAQABAAAAACH5BAEKAAEALAAAAAABAAEAAAICTAEAOw==\" data-layzr=\"https:\/\/tours.com.pt\/wp-content\/uploads\/2024\/11\/Serra-da-Estrela-1.jpg\" alt=\"\" class=\"wp-image-17740\" style=\"object-fit:cover;width:385px;height:320px\"\/><\/a><\/figure>\n\n\n\n<p class=\"has-text-align-center has-text-color has-link-color wp-elements-459a38cd8238ed709f73a9d4d68d9d0a\" style=\"color:#2a7297;font-size:30px\"><strong><a href=\"https:\/\/tours.com.pt\/en\/hotel-suggestions-in-serra-da-estrela\/\" target=\"_blank\" rel=\"noopener\" title=\"\">Serra da Estrela<\/a><\/strong><\/p>\n<\/div>\n<\/div>\n\n\n\n<hr class=\"wp-block-separator has-alpha-channel-opacity\"\/>\n\n\n\n<p class=\"has-text-align-center\">Portugal is known for its stunning landscapes, rich history, and warm hospitality. It is a destination that caters to all types of travelers. Whether you love vibrant cities, peaceful coastal towns, or rural getaways, there is a perfect hotel waiting for you.<\/p>\n\n\n\n<p>For city lovers, Lisbon and Porto offer charming boutique hotels. These combine traditional designs with modern comforts, providing an authentic experience. If you prefer relaxing by the sea, the Algarve has luxurious beach resorts. These are ideal for soaking up the sun and enjoying the ocean.<\/p>\n\n\n\n<p>In the <a href=\"https:\/\/www.visitportugal.com\/en\/destinos\/porto-e-norte\/73746\" target=\"_blank\" rel=\"noopener\" title=\"\">Douro Valley<\/a>, wine enthusiasts can stay in quintas or vineyard hotels. These let you enjoy wine tasting while surrounded by breathtaking views. For mountain lovers, the Serra da Estrela region has cozy lodges with outdoor activities. Meanwhile, the Alentejo is perfect for a slower pace, offering rustic countryside hotels.<\/p>\n\n\n\n<p>If you want something unique, visit the Azores or Madeira. These islands have hotels in volcanic landscapes, tropical forests, or along dramatic cliffs. They are great for nature lovers and adventurers alike.<\/p>\n\n\n\n<p class=\"has-text-align-center\">With so many choices, Portugal ensures unforgettable stays for everyone. Below, you\u2019ll find hotel suggestions across different regions and styles to help you plan the perfect trip.<\/p>\n","protected":false},"excerpt":{"rendered":"<p>Hotels Suggestions in Portugal Lisbon Oporto Coimbra Albufeira (Algarve) \u00c9vora Douro Valley Monsanto Marv\u00e3o F\u00e1tima Madeira Azores Serra da Estrela Portugal is known for its stunning landscapes, rich history, and warm hospitality. It is a destination that caters to all types of travelers. Whether you love vibrant cities, peaceful coastal towns, or rural getaways, there &hellip; <\/p>\n","protected":false},"author":2,"featured_media":0,"parent":0,"menu_order":0,"comment_status":"closed","ping_status":"closed","template":"","meta":{"_monsterinsights_skip_tracking":false,"_monsterinsights_sitenote_active":false,"_monsterinsights_sitenote_note":"","_monsterinsights_sitenote_category":0,"_uf_show_specific_survey":0,"_uf_disable_surveys":false,"footnotes":""},"class_list":["post-14630","page","type-page","status-publish","hentry","latest_post"],"aioseo_notices":[],"_links":{"self":[{"href":"https:\/\/tours.com.pt\/en\/wp-json\/wp\/v2\/pages\/14630","targetHints":{"allow":["GET"]}}],"collection":[{"href":"https:\/\/tours.com.pt\/en\/wp-json\/wp\/v2\/pages"}],"about":[{"href":"https:\/\/tours.com.pt\/en\/wp-json\/wp\/v2\/types\/page"}],"author":[{"embeddable":true,"href":"https:\/\/tours.com.pt\/en\/wp-json\/wp\/v2\/users\/2"}],"replies":[{"embeddable":true,"href":"https:\/\/tours.com.pt\/en\/wp-json\/wp\/v2\/comments?post=14630"}],"version-history":[{"count":0,"href":"https:\/\/tours.com.pt\/en\/wp-json\/wp\/v2\/pages\/14630\/revisions"}],"wp:attachment":[{"href":"https:\/\/tours.com.pt\/en\/wp-json\/wp\/v2\/media?parent=14630"}],"curies":[{"name":"wp","href":"https:\/\/api.w.org\/{rel}","templated":true}]}}